{"id":94,"date":"2020-03-10T21:33:38","date_gmt":"2020-03-10T20:33:38","guid":{"rendered":"http:\/\/sq7hjb.pl\/?page_id=94"},"modified":"2020-03-10T21:36:17","modified_gmt":"2020-03-10T20:36:17","slug":"ksiega-gosci","status":"publish","type":"page","link":"http:\/\/sq7hjb.pl\/index.php\/ksiega-gosci\/","title":{"rendered":"Ksi\u0119ga go\u015bci."},"content":{"rendered":"\n<div class=\"gwolle-gb\"><div class=\"gwolle_gb_messages_top_container\"><\/div>\n\t\t\t<div class=\"gwolle-gb-write-button\">\n\t\t\t\t<input type=\"button\" name=\"gwolle-gb-write-button\" class=\"button btn btn-default \" value=\"Umie\u015b\u0107 nowy wpis\" \/>\n\t\t\t<\/div>\n\t\t\t<form action=\"#\" method=\"POST\" class=\"gwolle-gb-write gwolle-gb-hide gwolle-gb-float gwolle_gb_form_ajax gwolle-gb-form-ajax gwolle-gb-ajax gwolle-gb-not-logged-in\">\n\t\t\t\t<h3>Dodaj nowy wpis<\/h3>\n\t\t\t\t<button type=\"button\" class=\"gb-notice-dismiss\">x<span class=\"screen-reader-text\">Hide this form.<\/span><\/button>\n\t\t\t\n\t\t\t\t<input type=\"hidden\" name=\"gwolle_gb_function\" class=\"gwolle_gb_function\" value=\"add_entry\" \/><input type=\"hidden\" name=\"gwolle_gb_book_id\" class=\"gwolle_gb_book_id\" value=\"1\" \/><div class=\"gwolle_gb_1dc3abeedc8f92d8b16d828cfbf3358e\">\n\t\t\t\t<div class=\"label\"><label for=\"gwolle_gb_1dc3abeedc8f92d8b16d828cfbf3358e\" class=\"text-info\">Nazwa <span class=\"required\">*<\/span><\/label><\/div>\n\t\t\t\t<div class=\"input\"><input class=\"wp-exclude-emoji gwolle_gb_1dc3abeedc8f92d8b16d828cfbf3358e\" value=\"\" type=\"text\" name=\"gwolle_gb_1dc3abeedc8f92d8b16d828cfbf3358e\" required \/><\/div>\n\t\t\t\t<div class=\"clearBoth\">&nbsp;<\/div>\n\t\t\t<\/div><div class=\"gwolle_gb_e418dac2076bed686730b1b1e45e6d00\">\n\t\t\t\t\t<div class=\"label\"><label for=\"gwolle_gb_e418dac2076bed686730b1b1e45e6d00\" class=\"text-info\">Miejscowo\u015b\u0107<\/label><\/div>\n\t\t\t\t\t<div class=\"input\"><input class=\"wp-exclude-emoji gwolle_gb_e418dac2076bed686730b1b1e45e6d00\" value=\"\" type=\"text\" name=\"gwolle_gb_e418dac2076bed686730b1b1e45e6d00\" \/><\/div>\n\t\t\t\t\t<div class=\"clearBoth\">&nbsp;<\/div>\n\t\t\t\t<\/div><div class=\"gwolle_gb_8f246de7a53775f82e3ac1440977c588\">\n\t\t\t\t<div class=\"label\"><label for=\"gwolle_gb_8f246de7a53775f82e3ac1440977c588\" class=\"text-info\">E-mail<\/label><\/div>\n\t\t\t\t<div class=\"input\"><input class=\"gwolle_gb_8f246de7a53775f82e3ac1440977c588\" value=\"\" type=\"email\" name=\"gwolle_gb_8f246de7a53775f82e3ac1440977c588\" \/><\/div>\n\t\t\t\t<div class=\"clearBoth\">&nbsp;<\/div>\n\t\t\t<\/div><div class=\"gwolle_gb_f86bab82bef39b01a70f5f6ec9f5cca1\">\n\t\t\t\t<div class=\"label\"><label for=\"gwolle_gb_f86bab82bef39b01a70f5f6ec9f5cca1\" class=\"text-info\">Witryna internetowa<\/label><\/div>\n\t\t\t\t<div class=\"input\"><input class=\"gwolle_gb_f86bab82bef39b01a70f5f6ec9f5cca1\" value=\"\" type=\"url\" name=\"gwolle_gb_f86bab82bef39b01a70f5f6ec9f5cca1\" \/><\/div>\n\t\t\t\t<div class=\"clearBoth\">&nbsp;<\/div>\n\t\t\t<\/div>\n\t\t\t<div class=\"gwolle_gb_b8c7b077883e3a81df02bdd0759f0c8f\" style=\"display:none;overflow:hidden;\">\n\t\t\t\t<div class=\"label\">\n\t\t\t\t\t<label for=\"gwolle_gb_b8c7b077883e3a81df02bdd0759f0c8f\" class=\"text-primary\">Do not touch this<\/label>\n\t\t\t\t\t<label for=\"gwolle_gb_8dc176ed0dcbedba1812572acce541ba\" class=\"text-primary\">Do not touch this<\/label>\n\t\t\t\t<\/div>\n\t\t\t\t<div class=\"input\">\n\t\t\t\t\t<input value=\"88\" type=\"text\" name=\"gwolle_gb_b8c7b077883e3a81df02bdd0759f0c8f\" class=\"gwolle_gb_b8c7b077883e3a81df02bdd0759f0c8f\" style=\"transform: translateY(10000px);\" \/>\n\t\t\t\t\t<input value=\"\" type=\"text\" name=\"gwolle_gb_8dc176ed0dcbedba1812572acce541ba\" class=\"gwolle_gb_8dc176ed0dcbedba1812572acce541ba\" style=\"transform: translateY(10000px);\" \/>\n\t\t\t\t<\/div>\n\t\t\t\t<div class=\"clearBoth\"><\/div>\n\t\t\t<\/div>\n\t\t\t<div class=\"gwolle_gb_7f8ca18136c7610a22592b137825a112\" style=\"display:none;overflow:hidden;\">\n\t\t\t\t<div class=\"label\">\n\t\t\t\t\t<label for=\"gwolle_gb_7f8ca18136c7610a22592b137825a112\" class=\"text-primary\">Do not touch this<\/label>\n\t\t\t\t\t<label for=\"gwolle_gb_f1f334e0fd5d3742cb971861cdfa1c73\" class=\"text-primary\">Do not touch this<\/label>\n\t\t\t\t<\/div>\n\t\t\t\t<div class=\"input\">\n\t\t\t\t\t<input value=\"2213\" type=\"text\" name=\"gwolle_gb_7f8ca18136c7610a22592b137825a112\" class=\"gwolle_gb_7f8ca18136c7610a22592b137825a112\" style=\"transform: translateY(10000px);\" \/>\n\t\t\t\t\t<input value=\"2213\" type=\"text\" name=\"gwolle_gb_f1f334e0fd5d3742cb971861cdfa1c73\" class=\"gwolle_gb_f1f334e0fd5d3742cb971861cdfa1c73\" style=\"transform: translateY(10000px);\" \/>\n\t\t\t\t<\/div>\n\t\t\t\t<div class=\"clearBoth\"><\/div>\n\t\t\t<\/div><div class=\"gwolle_gb_content\">\n\t\t\t\t<div class=\"label\"><label for=\"gwolle_gb_content\" class=\"text-info\">Wpis Ksi\u0119gi go\u015bci <span class=\"required\">*<\/span><\/label><\/div>\n\t\t\t\t<div class=\"input\"><textarea name=\"gwolle_gb_content\" class=\"gwolle_gb_content wp-exclude-emoji\" required ><\/textarea><\/div>\n\t\t\t\t\t<div class=\"clearBoth\">&nbsp;<\/div>\n\t\t\t\t<\/div><input type=\"hidden\" class=\"gwolle_gb_749282b711cc7e6496f6e3f8b4555057\" name=\"gwolle_gb_749282b711cc7e6496f6e3f8b4555057\" value=\"9ad1147207\" \/>\n\t\t\t<div class=\"gwolle_gb_messages_bottom_container\"><\/div>\n\n\t\t\t<noscript><div class=\"no-js\">Warning: This form can only be used if JavaScript is enabled in your browser.<\/div><\/noscript>\n\n\t\t\t<div class=\"gwolle_gb_submit\">\n\t\t\t\t<div class=\"label gwolle-gb-invisible text-muted\">&nbsp;<\/div>\n\t\t\t\t<div class=\"input\">\n\t\t\t\t\t<input type=\"submit\" name=\"gwolle_gb_submit\" class=\"gwolle_gb_submit button btn btn-primary \" value=\"Wy\u015blij\" \/>\n\t\t\t\t\t<span class=\"gwolle_gb_submit_ajax_icon\"><\/span>\n\t\t\t\n\t\t\t\t<\/div>\n\t\t\t\t<div class=\"clearBoth\">&nbsp;<\/div>\n\t\t\t<\/div>\n\n\t\t\t<div class=\"gwolle_gb_notice\">\n\t\t\t\tFields marked with * are required.<br \/>\r\nYour E-mail address won&#039;t be published.<br \/>\r\nIt&#039;s possible that your entry will only be visible in the guestbook after we reviewed it.<br \/>\r\nWe reserve the right to edit, delete, or not publish entries.\n\t\t\t<\/div><\/form><div class=\"gwolle-gb-read gwolle-gb-ajax gwolle-gb-entries-list\" data-book_id=\"1\" data-page_id=\"1\">\n\t\t<div id=\"gwolle-gb-total\" class=\"gwolle-gb-total\">9 wpis\u00f3w.<\/div><!-- Gwolle-GB Entry: Default Template Loaded -->\n\t\t\t\t<div class=\"gb-entry gb-entry_22 gb-entry-count_1 gwolle_gb_uneven gwolle-gb-uneven gwolle-gb-first\" data-entry_id=\"22\">\n\t\t\t\t<article>\n\t\t\t\t\t<div class=\"gb-author-info\">\n\t\t\t\t\t\t<span class=\"gb-author-avatar\"><img referrerpolicy=\"no-referrer\" alt='Rafa\u0142' src='https:\/\/secure.gravatar.com\/avatar\/195c8f0cb62f5b1b4157636abb43437c63e368b850bcf96abed5e27671255226?s=32&#038;d=mm&#038;r=g' srcset='https:\/\/secure.gravatar.com\/avatar\/195c8f0cb62f5b1b4157636abb43437c63e368b850bcf96abed5e27671255226?s=64&#038;d=mm&#038;r=g 2x' class='avatar avatar-32 photo' height='32' width='32' \/><\/span>\n\t\t\t\t\t\t<span class=\"gb-author-name\"><a href=\"http:\/\/skykoy.com\" target=\"_blank\" rel=\"nofollow noopener noreferrer\"\n\t\t\t\t\t\t\ttitle=\"Odwied\u017a stron\u0119 Rafa\u0142: http:\/\/skykoy.com\">Rafa\u0142<\/a>\n\t\t\t\t\t\t<\/span>\n\t\t\t\t\t\t<span class=\"gb-datetime\">\n\t\t\t\t\t\t\t<span class=\"gb-date\"><span class=\"gb-date-wrote-text\"> napisa\u0142\/a<\/span><span class=\"gb-date-text\"> 16\/09\/2023<\/span>\n\t\t\t\t\t\t\t<\/span><span class=\"gb-time\">\n\t\t\t\t\t\t\t\t\t<span class=\"gb-time-at-text\"> o<\/span>\n\t\t\t\t\t\t\t\t\t<span class=\"gb-time-text\"> 00:27<\/span>\n\t\t\t\t\t\t\t\t<\/span>\n\t\t\t\t\t\t<\/span> \n\t\t\t\t\t<\/div>\n\t\t\t\t\t<div class=\"gb-entry-content\">To miejsce jest prawdziwym radiowym skarbem. Odkry\u0142em tu wiele ciekawostek i inspiracji zwi\u0105zanych z nasz\u0105 wsp\u00f3ln\u0105 pasj\u0105 do radiostacji. Dzi\u0119ki, dobra robota!\n\t\t\t\t\t<\/div>\n\t\t\t\t<\/article>\n\t\t\t<\/div>\n\t\t\t<div class=\"gb-entry gb-entry_21 gb-entry-count_2 gwolle_gb_even gwolle-gb-even\" data-entry_id=\"21\">\n\t\t\t\t<article>\n\t\t\t\t\t<div class=\"gb-author-info\">\n\t\t\t\t\t\t<span class=\"gb-author-avatar\"><img referrerpolicy=\"no-referrer\" alt='tomek' src='https:\/\/secure.gravatar.com\/avatar\/?s=32&#038;d=mm&#038;r=g' srcset='https:\/\/secure.gravatar.com\/avatar\/?s=64&#038;d=mm&#038;r=g 2x' class='avatar avatar-32 photo avatar-default' height='32' width='32' \/><\/span>\n\t\t\t\t\t\t<span class=\"gb-author-name\">tomek\n\t\t\t\t\t\t<\/span>\n\t\t\t\t\t\t<span class=\"gb-author-origin\">\n\t\t\t\t\t\t\t<span class=\"gb-author-origin-from-text\"> z<\/span>\n\t\t\t\t\t\t\t<span class=\"gb-author-origin-text\"> stu\u0142a<\/span>\n\t\t\t\t\t\t<\/span>\n\t\t\t\t\t\t<span class=\"gb-datetime\">\n\t\t\t\t\t\t\t<span class=\"gb-date\"><span class=\"gb-date-wrote-text\"> napisa\u0142\/a<\/span><span class=\"gb-date-text\"> 20\/08\/2022<\/span>\n\t\t\t\t\t\t\t<\/span><span class=\"gb-time\">\n\t\t\t\t\t\t\t\t\t<span class=\"gb-time-at-text\"> o<\/span>\n\t\t\t\t\t\t\t\t\t<span class=\"gb-time-text\"> 13:37<\/span>\n\t\t\t\t\t\t\t\t<\/span>\n\t\t\t\t\t\t<\/span> \n\t\t\t\t\t<\/div>\n\t\t\t\t\t<div class=\"gb-entry-content\">\u017ceby  zrobi\u0107   generator  z  OCXO, -  trzeba  mie\u0107  wiedz\u0119,  a  ten pan    nie  posiada  jej i  dlatego  nie  bedzie   ...\n\t\t\t\t\t<\/div>\n\t\t\t\t<\/article>\n\t\t\t<\/div>\n\t\t\t<div class=\"gb-entry gb-entry_19 gb-entry-count_3 gwolle_gb_uneven gwolle-gb-uneven\" data-entry_id=\"19\">\n\t\t\t\t<article>\n\t\t\t\t\t<div class=\"gb-author-info\">\n\t\t\t\t\t\t<span class=\"gb-author-avatar\"><img referrerpolicy=\"no-referrer\" alt='olaaf' src='https:\/\/secure.gravatar.com\/avatar\/04743d5935d09114acb12e0cc9410e2cab9a2207318f1841bf92e2af995a2ba7?s=32&#038;d=mm&#038;r=g' srcset='https:\/\/secure.gravatar.com\/avatar\/04743d5935d09114acb12e0cc9410e2cab9a2207318f1841bf92e2af995a2ba7?s=64&#038;d=mm&#038;r=g 2x' class='avatar avatar-32 photo' height='32' width='32' \/><\/span>\n\t\t\t\t\t\t<span class=\"gb-author-name\">olaaf\n\t\t\t\t\t\t<\/span>\n\t\t\t\t\t\t<span class=\"gb-author-origin\">\n\t\t\t\t\t\t\t<span class=\"gb-author-origin-from-text\"> z<\/span>\n\t\t\t\t\t\t\t<span class=\"gb-author-origin-text\"> panigr\u00f3dz<\/span>\n\t\t\t\t\t\t<\/span>\n\t\t\t\t\t\t<span class=\"gb-datetime\">\n\t\t\t\t\t\t\t<span class=\"gb-date\"><span class=\"gb-date-wrote-text\"> napisa\u0142\/a<\/span><span class=\"gb-date-text\"> 05\/07\/2022<\/span>\n\t\t\t\t\t\t\t<\/span><span class=\"gb-time\">\n\t\t\t\t\t\t\t\t\t<span class=\"gb-time-at-text\"> o<\/span>\n\t\t\t\t\t\t\t\t\t<span class=\"gb-time-text\"> 15:28<\/span>\n\t\t\t\t\t\t\t\t<\/span>\n\t\t\t\t\t\t<\/span> \n\t\t\t\t\t<\/div>\n\t\t\t\t\t<div class=\"gb-entry-content\">Kolega  nie    zrobi      z  dodatkowym  generatorem,  bo  nie  wie  o   co  chodzi.\n\t\t\t\t\t<\/div>\n\t\t\t\t<\/article>\n\t\t\t<\/div>\n\t\t\t<div class=\"gb-entry gb-entry_17 gb-entry-count_4 gwolle_gb_even gwolle-gb-even\" data-entry_id=\"17\">\n\t\t\t\t<article>\n\t\t\t\t\t<div class=\"gb-author-info\">\n\t\t\t\t\t\t<span class=\"gb-author-avatar\"><img referrerpolicy=\"no-referrer\" alt='JuanCarlos Berberena Glez' src='https:\/\/secure.gravatar.com\/avatar\/cfee1d9c7fd87473208f47ace0f831c4638b2866839c5094eb2ab4d2def5c560?s=32&#038;d=mm&#038;r=g' srcset='https:\/\/secure.gravatar.com\/avatar\/cfee1d9c7fd87473208f47ace0f831c4638b2866839c5094eb2ab4d2def5c560?s=64&#038;d=mm&#038;r=g 2x' class='avatar avatar-32 photo' height='32' width='32' \/><\/span>\n\t\t\t\t\t\t<span class=\"gb-author-name\"><a href=\"http:\/\/www.frcuba.com\" target=\"_blank\" rel=\"nofollow noopener noreferrer\"\n\t\t\t\t\t\t\ttitle=\"Odwied\u017a stron\u0119 JuanCarlos Berberena Glez: http:\/\/www.frcuba.com\">JuanCarlos Berberena Glez<\/a>\n\t\t\t\t\t\t<\/span>\n\t\t\t\t\t\t<span class=\"gb-author-origin\">\n\t\t\t\t\t\t\t<span class=\"gb-author-origin-from-text\"> z<\/span>\n\t\t\t\t\t\t\t<span class=\"gb-author-origin-text\"> Cape Coral<\/span>\n\t\t\t\t\t\t<\/span>\n\t\t\t\t\t\t<span class=\"gb-datetime\">\n\t\t\t\t\t\t\t<span class=\"gb-date\"><span class=\"gb-date-wrote-text\"> napisa\u0142\/a<\/span><span class=\"gb-date-text\"> 06\/02\/2021<\/span>\n\t\t\t\t\t\t\t<\/span><span class=\"gb-time\">\n\t\t\t\t\t\t\t\t\t<span class=\"gb-time-at-text\"> o<\/span>\n\t\t\t\t\t\t\t\t\t<span class=\"gb-time-text\"> 22:33<\/span>\n\t\t\t\t\t\t\t\t<\/span>\n\t\t\t\t\t\t<\/span> \n\t\t\t\t\t<\/div>\n\t\t\t\t\t<div class=\"gb-entry-content\">Gracias por toda la informaci\u00f3n.\r\nD\u00edgame si puede compartir los Gerber de su pcb o el archivo para mandarlo a manufacturar.\r\nGracias de antemano\r\nWJ6Cex\/CO6BG\n\t\t\t\t\t<\/div>\n\t\t\t\t<\/article>\n\t\t\t<\/div>\n\t\t\t<div class=\"gb-entry gb-entry_16 gb-entry-count_5 gwolle_gb_uneven gwolle-gb-uneven\" data-entry_id=\"16\">\n\t\t\t\t<article>\n\t\t\t\t\t<div class=\"gb-author-info\">\n\t\t\t\t\t\t<span class=\"gb-author-avatar\"><img referrerpolicy=\"no-referrer\" alt='Vlad' src='https:\/\/secure.gravatar.com\/avatar\/d578635ec12ddab1302a5c652c95e41711c8de5e0580b498581a85bdf02b620f?s=32&#038;d=mm&#038;r=g' srcset='https:\/\/secure.gravatar.com\/avatar\/d578635ec12ddab1302a5c652c95e41711c8de5e0580b498581a85bdf02b620f?s=64&#038;d=mm&#038;r=g 2x' class='avatar avatar-32 photo' height='32' width='32' \/><\/span>\n\t\t\t\t\t\t<span class=\"gb-author-name\">Vlad\n\t\t\t\t\t\t<\/span>\n\t\t\t\t\t\t<span class=\"gb-author-origin\">\n\t\t\t\t\t\t\t<span class=\"gb-author-origin-from-text\"> z<\/span>\n\t\t\t\t\t\t\t<span class=\"gb-author-origin-text\"> Zhitomir<\/span>\n\t\t\t\t\t\t<\/span>\n\t\t\t\t\t\t<span class=\"gb-datetime\">\n\t\t\t\t\t\t\t<span class=\"gb-date\"><span class=\"gb-date-wrote-text\"> napisa\u0142\/a<\/span><span class=\"gb-date-text\"> 25\/01\/2021<\/span>\n\t\t\t\t\t\t\t<\/span><span class=\"gb-time\">\n\t\t\t\t\t\t\t\t\t<span class=\"gb-time-at-text\"> o<\/span>\n\t\t\t\t\t\t\t\t\t<span class=\"gb-time-text\"> 07:10<\/span>\n\t\t\t\t\t\t\t\t<\/span>\n\t\t\t\t\t\t<\/span> \n\t\t\t\t\t<\/div>\n\t\t\t\t\t<div class=\"gb-entry-content\">&#034;RE: HUSAREK DSP\r\nProsz\u0119 o pomoc w ustaleniu adresu SI570.\r\nPe\u0142nie oznaczenie SI570CAC000141G, fotka w po\u015bcie 59.\r\nVFO po w\u0142\u0105czeniu generuje 56,319MHz\r\nPozdrawiam Marek &#034;\r\n\r\nWitam drodzy!\r\nProsz\u0119, powiedz mi, jak rozwi\u0105za\u0142e\u015b ten problem.\r\nMam to samo z SiLabs570 CAC000141G.\r\nVlad. kirti@i.ua. 73!\n\t\t\t\t\t<\/div>\n\t\t\t\t<\/article>\n\t\t\t<\/div>\n\t\t\t<div class=\"gb-entry gb-entry_13 gb-entry-count_6 gwolle_gb_even gwolle-gb-even\" data-entry_id=\"13\">\n\t\t\t\t<article>\n\t\t\t\t\t<div class=\"gb-author-info\">\n\t\t\t\t\t\t<span class=\"gb-author-avatar\"><img referrerpolicy=\"no-referrer\" alt='Fred' src='https:\/\/secure.gravatar.com\/avatar\/bb231ef14742e21e72a619e495daf91c916befe3b2662a9709bdac23337d65a4?s=32&#038;d=mm&#038;r=g' srcset='https:\/\/secure.gravatar.com\/avatar\/bb231ef14742e21e72a619e495daf91c916befe3b2662a9709bdac23337d65a4?s=64&#038;d=mm&#038;r=g 2x' class='avatar avatar-32 photo' height='32' width='32' \/><\/span>\n\t\t\t\t\t\t<span class=\"gb-author-name\"><a href=\"http:\/\/brak\" target=\"_blank\" rel=\"nofollow noopener noreferrer\"\n\t\t\t\t\t\t\ttitle=\"Odwied\u017a stron\u0119 Fred: http:\/\/brak\">Fred<\/a>\n\t\t\t\t\t\t<\/span>\n\t\t\t\t\t\t<span class=\"gb-author-origin\">\n\t\t\t\t\t\t\t<span class=\"gb-author-origin-from-text\"> z<\/span>\n\t\t\t\t\t\t\t<span class=\"gb-author-origin-text\"> \u015awi\u0119toch\u0142owice<\/span>\n\t\t\t\t\t\t<\/span>\n\t\t\t\t\t\t<span class=\"gb-datetime\">\n\t\t\t\t\t\t\t<span class=\"gb-date\"><span class=\"gb-date-wrote-text\"> napisa\u0142\/a<\/span><span class=\"gb-date-text\"> 28\/11\/2020<\/span>\n\t\t\t\t\t\t\t<\/span><span class=\"gb-time\">\n\t\t\t\t\t\t\t\t\t<span class=\"gb-time-at-text\"> o<\/span>\n\t\t\t\t\t\t\t\t\t<span class=\"gb-time-text\"> 10:03<\/span>\n\t\t\t\t\t\t\t\t<\/span>\n\t\t\t\t\t\t<\/span> \n\t\t\t\t\t<\/div>\n\t\t\t\t\t<div class=\"gb-entry-content\">Wykona\u0142em miernik cz\u0119stotliwo\u015bci kt\u00f3ry Pan opisa\u0142 .Mam takie pytanie jak nim pomierzy\u0107 szeroko\u015b\u0107 impulsu (przynajmniej taka opcj\u0119 w menu znalaz\u0142em).Szuka\u0142em rozwi\u0105zania problemu w internecie a dok\u0142adnie na Elektrodzie ale niestey nikt takiej  kwestii nie porusza\u0142.Mo\u017ce Pan opisac pozosta\u0142e funkcje tago mierniczka ?\n\t\t\t\t\t<\/div>\n\t\t\t\t<\/article>\n\t\t\t<\/div>\n\t\t\t<div class=\"gb-entry gb-entry_9 gb-entry-count_7 gwolle_gb_uneven gwolle-gb-uneven\" data-entry_id=\"9\">\n\t\t\t\t<article>\n\t\t\t\t\t<div class=\"gb-author-info\">\n\t\t\t\t\t\t<span class=\"gb-author-avatar\"><img referrerpolicy=\"no-referrer\" alt='egon' src='https:\/\/secure.gravatar.com\/avatar\/b0e7527aeaab03d690b03f435c82dcc60f17f5f380216346c9ad15c61d127e26?s=32&#038;d=mm&#038;r=g' srcset='https:\/\/secure.gravatar.com\/avatar\/b0e7527aeaab03d690b03f435c82dcc60f17f5f380216346c9ad15c61d127e26?s=64&#038;d=mm&#038;r=g 2x' class='avatar avatar-32 photo' height='32' width='32' \/><\/span>\n\t\t\t\t\t\t<span class=\"gb-author-name\">egon\n\t\t\t\t\t\t<\/span>\n\t\t\t\t\t\t<span class=\"gb-author-origin\">\n\t\t\t\t\t\t\t<span class=\"gb-author-origin-from-text\"> z<\/span>\n\t\t\t\t\t\t\t<span class=\"gb-author-origin-text\"> bolkow<\/span>\n\t\t\t\t\t\t<\/span>\n\t\t\t\t\t\t<span class=\"gb-datetime\">\n\t\t\t\t\t\t\t<span class=\"gb-date\"><span class=\"gb-date-wrote-text\"> napisa\u0142\/a<\/span><span class=\"gb-date-text\"> 22\/07\/2020<\/span>\n\t\t\t\t\t\t\t<\/span><span class=\"gb-time\">\n\t\t\t\t\t\t\t\t\t<span class=\"gb-time-at-text\"> o<\/span>\n\t\t\t\t\t\t\t\t\t<span class=\"gb-time-text\"> 13:02<\/span>\n\t\t\t\t\t\t\t\t<\/span>\n\t\t\t\t\t\t<\/span> \n\t\t\t\t\t<\/div>\n\t\t\t\t\t<div class=\"gb-entry-content\">GPSDO  powinno  mie\u0107  sw\u00f3je  ocxo. Bez  ocxo  to  troch\u0119  lipa.  Powinno  by\u0107  wyjscie  1pps,  jako  super wzorzec do  wszelkich  przy\u017c\u0105d\u00f3w  pomiarowych. Mim o  to  \u017cycz\u0119  powodzenia.  Strona  fajna.\n\t\t\t\t\t<\/div>\n\t\t\t\t<\/article>\n\t\t\t<\/div>\n\t\t\t<div class=\"gb-entry gb-entry_8 gb-entry-count_8 gwolle_gb_even gwolle-gb-even\" data-entry_id=\"8\">\n\t\t\t\t<article>\n\t\t\t\t\t<div class=\"gb-author-info\">\n\t\t\t\t\t\t<span class=\"gb-author-avatar\"><img referrerpolicy=\"no-referrer\" alt='pam' src='https:\/\/secure.gravatar.com\/avatar\/9d13e7424706e7736674c04a10e2eafa469cd03fd3a494b8ed280bd11354f583?s=32&#038;d=mm&#038;r=g' srcset='https:\/\/secure.gravatar.com\/avatar\/9d13e7424706e7736674c04a10e2eafa469cd03fd3a494b8ed280bd11354f583?s=64&#038;d=mm&#038;r=g 2x' class='avatar avatar-32 photo' height='32' width='32' \/><\/span>\n\t\t\t\t\t\t<span class=\"gb-author-name\">pam\n\t\t\t\t\t\t<\/span>\n\t\t\t\t\t\t<span class=\"gb-author-origin\">\n\t\t\t\t\t\t\t<span class=\"gb-author-origin-from-text\"> z<\/span>\n\t\t\t\t\t\t\t<span class=\"gb-author-origin-text\"> makowo<\/span>\n\t\t\t\t\t\t<\/span>\n\t\t\t\t\t\t<span class=\"gb-datetime\">\n\t\t\t\t\t\t\t<span class=\"gb-date\"><span class=\"gb-date-wrote-text\"> napisa\u0142\/a<\/span><span class=\"gb-date-text\"> 13\/07\/2020<\/span>\n\t\t\t\t\t\t\t<\/span><span class=\"gb-time\">\n\t\t\t\t\t\t\t\t\t<span class=\"gb-time-at-text\"> o<\/span>\n\t\t\t\t\t\t\t\t\t<span class=\"gb-time-text\"> 12:12<\/span>\n\t\t\t\t\t\t\t\t<\/span>\n\t\t\t\t\t\t<\/span> \n\t\t\t\t\t<\/div>\n\t\t\t\t\t<div class=\"gb-entry-content\">Niech kolega opracuje gpsdo, z wyjsciem pps i dodatkowym generatorem, tak jak si\u0119 robi na ca\u0142ym \u015bwiecie. Popieram  ten  wpis.\n\t\t\t\t\t<\/div>\n\t\t\t\t<\/article>\n\t\t\t<\/div>\n\t\t\t<div class=\"gb-entry gb-entry_5 gb-entry-count_9 gwolle_gb_uneven gwolle-gb-uneven\" data-entry_id=\"5\">\n\t\t\t\t<article>\n\t\t\t\t\t<div class=\"gb-author-info\">\n\t\t\t\t\t\t<span class=\"gb-author-avatar\"><img referrerpolicy=\"no-referrer\" alt='er' src='https:\/\/secure.gravatar.com\/avatar\/60b6171c75866318cd6f3f9c55a9278c3e9fc0f24d27a11840ba734aad17e80b?s=32&#038;d=mm&#038;r=g' srcset='https:\/\/secure.gravatar.com\/avatar\/60b6171c75866318cd6f3f9c55a9278c3e9fc0f24d27a11840ba734aad17e80b?s=64&#038;d=mm&#038;r=g 2x' class='avatar avatar-32 photo' height='32' width='32' \/><\/span>\n\t\t\t\t\t\t<span class=\"gb-author-name\">er\n\t\t\t\t\t\t<\/span>\n\t\t\t\t\t\t<span class=\"gb-author-origin\">\n\t\t\t\t\t\t\t<span class=\"gb-author-origin-from-text\"> z<\/span>\n\t\t\t\t\t\t\t<span class=\"gb-author-origin-text\"> kowanowko<\/span>\n\t\t\t\t\t\t<\/span>\n\t\t\t\t\t\t<span class=\"gb-datetime\">\n\t\t\t\t\t\t\t<span class=\"gb-date\"><span class=\"gb-date-wrote-text\"> napisa\u0142\/a<\/span><span class=\"gb-date-text\"> 05\/06\/2020<\/span>\n\t\t\t\t\t\t\t<\/span><span class=\"gb-time\">\n\t\t\t\t\t\t\t\t\t<span class=\"gb-time-at-text\"> o<\/span>\n\t\t\t\t\t\t\t\t\t<span class=\"gb-time-text\"> 12:16<\/span>\n\t\t\t\t\t\t\t\t<\/span>\n\t\t\t\t\t\t<\/span> \n\t\t\t\t\t<\/div>\n\t\t\t\t\t<div class=\"gb-entry-content\">Niech  kolega  opracuje   gpsdo,     z  wyjsciem  pps i  dodatkowym  generatorem,  tak  jak  si\u0119  robi  na  ca\u0142ym  \u015bwiecie.\n\t\t\t\t\t<\/div>\n\t\t\t\t<\/article>\n\t\t\t<\/div>\n\t\t\t<\/div><\/div>\n","protected":false},"excerpt":{"rendered":"","protected":false},"author":1,"featured_media":0,"parent":0,"menu_order":0,"comment_status":"closed","ping_status":"closed","template":"","meta":{"footnotes":""},"class_list":["post-94","page","type-page","status-publish","hentry","comments-off"],"_links":{"self":[{"href":"http:\/\/sq7hjb.pl\/index.php\/wp-json\/wp\/v2\/pages\/94","targetHints":{"allow":["GET"]}}],"collection":[{"href":"http:\/\/sq7hjb.pl\/index.php\/wp-json\/wp\/v2\/pages"}],"about":[{"href":"http:\/\/sq7hjb.pl\/index.php\/wp-json\/wp\/v2\/types\/page"}],"author":[{"embeddable":true,"href":"http:\/\/sq7hjb.pl\/index.php\/wp-json\/wp\/v2\/users\/1"}],"replies":[{"embeddable":true,"href":"http:\/\/sq7hjb.pl\/index.php\/wp-json\/wp\/v2\/comments?post=94"}],"version-history":[{"count":3,"href":"http:\/\/sq7hjb.pl\/index.php\/wp-json\/wp\/v2\/pages\/94\/revisions"}],"predecessor-version":[{"id":97,"href":"http:\/\/sq7hjb.pl\/index.php\/wp-json\/wp\/v2\/pages\/94\/revisions\/97"}],"wp:attachment":[{"href":"http:\/\/sq7hjb.pl\/index.php\/wp-json\/wp\/v2\/media?parent=94"}],"curies":[{"name":"wp","href":"https:\/\/api.w.org\/{rel}","templated":true}]}}