{"id":884,"date":"2025-12-21T10:09:24","date_gmt":"2025-12-21T09:09:24","guid":{"rendered":"http:\/\/sq7hjb.pl\/?page_id=884"},"modified":"2025-12-21T10:17:03","modified_gmt":"2025-12-21T09:17:03","slug":"uniwersalny-filtr-lpf-dolnoprzepustowy","status":"publish","type":"page","link":"http:\/\/sq7hjb.pl\/index.php\/uniwersalny-filtr-lpf-dolnoprzepustowy\/","title":{"rendered":"Uniwersalny filtr LPF- dolnoprzepustowy"},"content":{"rendered":"\n<p>Poni\u017cej og\u00f3lny schemat jednego toru filtru LPF. P\u0142ytka posiada pi\u0119\u0107 takich tor\u00f3w prze\u0142\u0105czanych przeka\u017anikami HFD23.<br><img loading=\"lazy\" decoding=\"async\" width=\"800\" height=\"482\" class=\"wp-image-883\" style=\"width: 800px;\" src=\"http:\/\/sq7hjb.pl\/wp-content\/uploads\/2025\/12\/lps_schemat.jpg\" alt=\"schemat og\u00f3lny - filtr lpf\" srcset=\"http:\/\/sq7hjb.pl\/wp-content\/uploads\/2025\/12\/lps_schemat.jpg 485w, http:\/\/sq7hjb.pl\/wp-content\/uploads\/2025\/12\/lps_schemat-300x181.jpg 300w\" sizes=\"auto, (max-width: 800px) 100vw, 800px\" \/><\/p>\n\n\n\n<figure class=\"wp-block-image size-large\"><img loading=\"lazy\" decoding=\"async\" width=\"1024\" height=\"1005\" src=\"http:\/\/sq7hjb.pl\/wp-content\/uploads\/2025\/12\/DSC01052-1024x1005.jpg\" alt=\"lpf_top\" class=\"wp-image-881\" srcset=\"http:\/\/sq7hjb.pl\/wp-content\/uploads\/2025\/12\/DSC01052-1024x1005.jpg 1024w, http:\/\/sq7hjb.pl\/wp-content\/uploads\/2025\/12\/DSC01052-300x294.jpg 300w, http:\/\/sq7hjb.pl\/wp-content\/uploads\/2025\/12\/DSC01052-768x754.jpg 768w, http:\/\/sq7hjb.pl\/wp-content\/uploads\/2025\/12\/DSC01052.jpg 1280w\" sizes=\"auto, (max-width: 1024px) 100vw, 1024px\" \/><\/figure>\n\n\n\n<figure class=\"wp-block-image size-large\"><img loading=\"lazy\" decoding=\"async\" width=\"1024\" height=\"962\" src=\"http:\/\/sq7hjb.pl\/wp-content\/uploads\/2025\/12\/DSC01053-1024x962.jpg\" alt=\"lpf_bottom\" class=\"wp-image-882\" srcset=\"http:\/\/sq7hjb.pl\/wp-content\/uploads\/2025\/12\/DSC01053-1024x962.jpg 1024w, http:\/\/sq7hjb.pl\/wp-content\/uploads\/2025\/12\/DSC01053-300x282.jpg 300w, http:\/\/sq7hjb.pl\/wp-content\/uploads\/2025\/12\/DSC01053-768x722.jpg 768w, http:\/\/sq7hjb.pl\/wp-content\/uploads\/2025\/12\/DSC01053.jpg 1280w\" sizes=\"auto, (max-width: 1024px) 100vw, 1024px\" \/><\/figure>\n\n\n\n<p>P\u0142ytka jest dwustronna i pozwala na monta\u017c przewlekany oraz smd. Mo\u017cna r\u00f3wnie\u017c zastosowa\u0107 monta\u017c mieszany.<\/p>\n\n\n\n<p><\/p>\n","protected":false},"excerpt":{"rendered":"<p>Poni\u017cej og\u00f3lny schemat jednego toru filtru LPF. P\u0142ytka posiada pi\u0119\u0107 takich tor\u00f3w prze\u0142\u0105czanych przeka\u017anikami HFD23. P\u0142ytka jest dwustronna i pozwala<\/p>\n","protected":false},"author":1,"featured_media":0,"parent":0,"menu_order":0,"comment_status":"closed","ping_status":"closed","template":"","meta":{"footnotes":""},"class_list":["post-884","page","type-page","status-publish","hentry","comments-off"],"_links":{"self":[{"href":"http:\/\/sq7hjb.pl\/index.php\/wp-json\/wp\/v2\/pages\/884","targetHints":{"allow":["GET"]}}],"collection":[{"href":"http:\/\/sq7hjb.pl\/index.php\/wp-json\/wp\/v2\/pages"}],"about":[{"href":"http:\/\/sq7hjb.pl\/index.php\/wp-json\/wp\/v2\/types\/page"}],"author":[{"embeddable":true,"href":"http:\/\/sq7hjb.pl\/index.php\/wp-json\/wp\/v2\/users\/1"}],"replies":[{"embeddable":true,"href":"http:\/\/sq7hjb.pl\/index.php\/wp-json\/wp\/v2\/comments?post=884"}],"version-history":[{"count":2,"href":"http:\/\/sq7hjb.pl\/index.php\/wp-json\/wp\/v2\/pages\/884\/revisions"}],"predecessor-version":[{"id":887,"href":"http:\/\/sq7hjb.pl\/index.php\/wp-json\/wp\/v2\/pages\/884\/revisions\/887"}],"wp:attachment":[{"href":"http:\/\/sq7hjb.pl\/index.php\/wp-json\/wp\/v2\/media?parent=884"}],"curies":[{"name":"wp","href":"https:\/\/api.w.org\/{rel}","templated":true}]}}