{"id":841,"date":"2025-11-29T19:19:10","date_gmt":"2025-11-29T18:19:10","guid":{"rendered":"http:\/\/sq7hjb.pl\/?page_id=841"},"modified":"2025-12-28T10:19:33","modified_gmt":"2025-12-28T09:19:33","slug":"aktywny-dzielnik-napiecia","status":"publish","type":"page","link":"http:\/\/sq7hjb.pl\/index.php\/aktywny-dzielnik-napiecia\/","title":{"rendered":"Aktywny dzielnik napi\u0119cia"},"content":{"rendered":"\n<p>Potrzebowa\u0142em napi\u0119cia symetrycznego +\/- 12V do zasilania urz\u0105dzenia, pob\u00f3r pr\u0105du w  okolicach 100mA.  Natomiast urz\u0105dzenie typowo przeno\u015bne i zasilane  z 12V. Pierwszy pomys\u0142 to przetwornica na MC34063.<br>Mia\u0142em r\u00f3wnie\u017c w zbiorach tanie modu\u0142y przetwornic st-up, a w starym tajnym  zeszycie taki schemacik. Pozosta\u0142o tylko sprawdzi\u0107 czy to zadzia\u0142a.<\/p>\n\n\n\n<p>Pierwszy schemacik w moim ulubionym edytorze \ud83d\ude42<br><img loading=\"lazy\" decoding=\"async\" width=\"800\" height=\"438\" class=\"wp-image-845\" style=\"width: 800px;\" src=\"http:\/\/sq7hjb.pl\/wp-content\/uploads\/2025\/11\/adn-2.jpg\" alt=\"aktywny dzielnik napi\u0119cia\" srcset=\"http:\/\/sq7hjb.pl\/wp-content\/uploads\/2025\/11\/adn-2.jpg 1920w, http:\/\/sq7hjb.pl\/wp-content\/uploads\/2025\/11\/adn-2-300x164.jpg 300w, http:\/\/sq7hjb.pl\/wp-content\/uploads\/2025\/11\/adn-2-1024x560.jpg 1024w, http:\/\/sq7hjb.pl\/wp-content\/uploads\/2025\/11\/adn-2-768x420.jpg 768w, http:\/\/sq7hjb.pl\/wp-content\/uploads\/2025\/11\/adn-2-1536x840.jpg 1536w\" sizes=\"auto, (max-width: 800px) 100vw, 800px\" \/><br><\/p>\n\n\n\n<p>Na pierwszy ogie\u0144 posz\u0142a przetwornica na uk\u0142adzie XL6019, potrafi podnie\u015b\u0107 napi\u0119cie do 40V.<br>Wykona\u0142em na szybko prost\u0105 p\u0142ytk\u0119. Zastosowa\u0142em tranzystory BD139, BD140.<br><img loading=\"lazy\" decoding=\"async\" width=\"800\" height=\"428\" class=\"wp-image-840\" style=\"width: 800px;\" src=\"http:\/\/sq7hjb.pl\/wp-content\/uploads\/2025\/11\/adn.jpg\" alt=\"aktywny dzielnik napi\u0119cia z przetwornic\u0105 XL6019\" srcset=\"http:\/\/sq7hjb.pl\/wp-content\/uploads\/2025\/11\/adn.jpg 1920w, http:\/\/sq7hjb.pl\/wp-content\/uploads\/2025\/11\/adn-300x161.jpg 300w, http:\/\/sq7hjb.pl\/wp-content\/uploads\/2025\/11\/adn-1024x548.jpg 1024w, http:\/\/sq7hjb.pl\/wp-content\/uploads\/2025\/11\/adn-768x411.jpg 768w, http:\/\/sq7hjb.pl\/wp-content\/uploads\/2025\/11\/adn-1536x822.jpg 1536w\" sizes=\"auto, (max-width: 800px) 100vw, 800px\" \/><br>Ruszy\u0142o prawie idealnie. Prawie dlatego, \u017ce przy ograniczeniu pr\u0105dowym na 500mA przetwornica nie startowa\u0142a. Musia\u0142em zmieni\u0107 ograniczeni do 1A. Pobierany pr\u0105d w stanie   spoczynku oko\u0142o 30mA.<\/p>\n\n\n\n<p>Mia\u0142em te\u017c przetwornic\u0119 step up o maksymalnym napi\u0119ciu wyj\u015bciowym 28V (MT3608)<br>Podmieni\u0142em modu\u0142y przetwornic i szybki test. To by\u0142a trafiona podmianka.<br>Przetwornica startuje nawet przy ograniczniku pr\u0105dowym na 100mA, pr\u0105d spoczynkowy 6mA.<br>Bez problemu utrzymuje 24V na wyj\u015bciu jeszcze przy zasilaniu 8V.<br>Nie sprawdzi\u0142em obci\u0105\u017calno\u015bci pr\u0105dowej. Wydaje mi si\u0119, \u017ce te 100mA spokojnie otrzymam.<br><img loading=\"lazy\" decoding=\"async\" width=\"800\" height=\"460\" class=\"wp-image-838\" style=\"width: 800px;\" src=\"http:\/\/sq7hjb.pl\/wp-content\/uploads\/2025\/11\/adn1.jpg\" alt=\"aktywny dzielnik napi\u0119cia z przetwornic\u0105 MT3608\" srcset=\"http:\/\/sq7hjb.pl\/wp-content\/uploads\/2025\/11\/adn1.jpg 1920w, http:\/\/sq7hjb.pl\/wp-content\/uploads\/2025\/11\/adn1-300x173.jpg 300w, http:\/\/sq7hjb.pl\/wp-content\/uploads\/2025\/11\/adn1-1024x589.jpg 1024w, http:\/\/sq7hjb.pl\/wp-content\/uploads\/2025\/11\/adn1-768x442.jpg 768w, http:\/\/sq7hjb.pl\/wp-content\/uploads\/2025\/11\/adn1-1536x883.jpg 1536w\" sizes=\"auto, (max-width: 800px) 100vw, 800px\" \/><\/p>\n\n\n\n<p>Pozosta\u0142o tylko przygotowa\u0107 now\u0105 pcb po modu\u0142 MT3608 i delikatnie zminiaturyzowa\u0107.<br>Jedna wa\u017cna uwaga, uk\u0142ad nie ma zabezpieczenia przed zwarciem  i odwrotnym pod\u0142\u0105czeniem napi\u0119cia zasilania.<br><\/p>\n\n\n\n<p class=\"has-primary-color has-text-color has-link-color wp-elements-a6915ec42449c4f21dd7c560799df47a\"><br><strong>Huta D\u0142utowska 29.11.2025 <\/strong><\/p>\n\n\n\n<p><\/p>\n\n\n\n<p><\/p>\n","protected":false},"excerpt":{"rendered":"<p>Potrzebowa\u0142em napi\u0119cia symetrycznego +\/- 12V do zasilania urz\u0105dzenia, pob\u00f3r pr\u0105du w okolicach 100mA. Natomiast urz\u0105dzenie typowo przeno\u015bne i zasilane z<\/p>\n","protected":false},"author":1,"featured_media":840,"parent":0,"menu_order":0,"comment_status":"closed","ping_status":"closed","template":"","meta":{"footnotes":""},"class_list":["post-841","page","type-page","status-publish","has-post-thumbnail","hentry","comments-off"],"_links":{"self":[{"href":"http:\/\/sq7hjb.pl\/index.php\/wp-json\/wp\/v2\/pages\/841","targetHints":{"allow":["GET"]}}],"collection":[{"href":"http:\/\/sq7hjb.pl\/index.php\/wp-json\/wp\/v2\/pages"}],"about":[{"href":"http:\/\/sq7hjb.pl\/index.php\/wp-json\/wp\/v2\/types\/page"}],"author":[{"embeddable":true,"href":"http:\/\/sq7hjb.pl\/index.php\/wp-json\/wp\/v2\/users\/1"}],"replies":[{"embeddable":true,"href":"http:\/\/sq7hjb.pl\/index.php\/wp-json\/wp\/v2\/comments?post=841"}],"version-history":[{"count":6,"href":"http:\/\/sq7hjb.pl\/index.php\/wp-json\/wp\/v2\/pages\/841\/revisions"}],"predecessor-version":[{"id":856,"href":"http:\/\/sq7hjb.pl\/index.php\/wp-json\/wp\/v2\/pages\/841\/revisions\/856"}],"wp:featuredmedia":[{"embeddable":true,"href":"http:\/\/sq7hjb.pl\/index.php\/wp-json\/wp\/v2\/media\/840"}],"wp:attachment":[{"href":"http:\/\/sq7hjb.pl\/index.php\/wp-json\/wp\/v2\/media?parent=841"}],"curies":[{"name":"wp","href":"https:\/\/api.w.org\/{rel}","templated":true}]}}