{"id":737,"date":"2024-09-14T20:58:23","date_gmt":"2024-09-14T18:58:23","guid":{"rendered":"http:\/\/sq7hjb.pl\/?page_id=737"},"modified":"2024-09-14T20:58:23","modified_gmt":"2024-09-14T18:58:23","slug":"miernik-lrc-m181","status":"publish","type":"page","link":"http:\/\/sq7hjb.pl\/index.php\/miernik-lrc-m181\/","title":{"rendered":"Miernik LRC M181"},"content":{"rendered":"\n<p>Zestaw do samodzielnego monta\u017cu zam\u00f3wi\u0142em na portalu Banggood. Ze strony sklepu pobra\u0142em wszystkie potrzebne opisy(schemat, instrukcja monta\u017cu, rozmieszczenie element\u00f3w na pcb).<\/p>\n\n\n\n<figure class=\"wp-block-image size-large\"><img loading=\"lazy\" decoding=\"async\" width=\"1024\" height=\"440\" src=\"http:\/\/sq7hjb.pl\/wp-content\/uploads\/2024\/09\/lcr_m181-1024x440.jpg\" alt=\"miernik LRC - M181\" class=\"wp-image-734\" srcset=\"http:\/\/sq7hjb.pl\/wp-content\/uploads\/2024\/09\/lcr_m181-1024x440.jpg 1024w, http:\/\/sq7hjb.pl\/wp-content\/uploads\/2024\/09\/lcr_m181-300x129.jpg 300w, http:\/\/sq7hjb.pl\/wp-content\/uploads\/2024\/09\/lcr_m181-768x330.jpg 768w, http:\/\/sq7hjb.pl\/wp-content\/uploads\/2024\/09\/lcr_m181-1536x660.jpg 1536w, http:\/\/sq7hjb.pl\/wp-content\/uploads\/2024\/09\/lcr_m181.jpg 1920w\" sizes=\"auto, (max-width: 1024px) 100vw, 1024px\" \/><figcaption class=\"wp-element-caption\">Miernik RLC &#8211; M181<\/figcaption><\/figure>\n","protected":false},"excerpt":{"rendered":"<p>Zestaw do samodzielnego monta\u017cu zam\u00f3wi\u0142em na portalu Banggood. Ze strony sklepu pobra\u0142em wszystkie potrzebne opisy(schemat, instrukcja monta\u017cu, rozmieszczenie element\u00f3w na<\/p>\n","protected":false},"author":1,"featured_media":0,"parent":0,"menu_order":0,"comment_status":"closed","ping_status":"closed","template":"","meta":{"footnotes":""},"class_list":["post-737","page","type-page","status-publish","hentry","comments-off"],"_links":{"self":[{"href":"http:\/\/sq7hjb.pl\/index.php\/wp-json\/wp\/v2\/pages\/737","targetHints":{"allow":["GET"]}}],"collection":[{"href":"http:\/\/sq7hjb.pl\/index.php\/wp-json\/wp\/v2\/pages"}],"about":[{"href":"http:\/\/sq7hjb.pl\/index.php\/wp-json\/wp\/v2\/types\/page"}],"author":[{"embeddable":true,"href":"http:\/\/sq7hjb.pl\/index.php\/wp-json\/wp\/v2\/users\/1"}],"replies":[{"embeddable":true,"href":"http:\/\/sq7hjb.pl\/index.php\/wp-json\/wp\/v2\/comments?post=737"}],"version-history":[{"count":2,"href":"http:\/\/sq7hjb.pl\/index.php\/wp-json\/wp\/v2\/pages\/737\/revisions"}],"predecessor-version":[{"id":782,"href":"http:\/\/sq7hjb.pl\/index.php\/wp-json\/wp\/v2\/pages\/737\/revisions\/782"}],"wp:attachment":[{"href":"http:\/\/sq7hjb.pl\/index.php\/wp-json\/wp\/v2\/media?parent=737"}],"curies":[{"name":"wp","href":"https:\/\/api.w.org\/{rel}","templated":true}]}}