{"id":679,"date":"2024-08-11T08:55:43","date_gmt":"2024-08-11T06:55:43","guid":{"rendered":"http:\/\/sq7hjb.pl\/?page_id=679"},"modified":"2025-12-28T10:14:31","modified_gmt":"2025-12-28T09:14:31","slug":"gpsdov-2","status":"publish","type":"page","link":"http:\/\/sq7hjb.pl\/index.php\/gpsdov-2\/","title":{"rendered":"GPSDOv.2"},"content":{"rendered":"\n<figure class=\"wp-block-image size-large\"><img loading=\"lazy\" decoding=\"async\" width=\"1024\" height=\"773\" src=\"http:\/\/sq7hjb.pl\/wp-content\/uploads\/2024\/09\/gpsdo_v2_schemat-1024x773.png\" alt=\"\" class=\"wp-image-730\" srcset=\"http:\/\/sq7hjb.pl\/wp-content\/uploads\/2024\/09\/gpsdo_v2_schemat-1024x773.png 1024w, http:\/\/sq7hjb.pl\/wp-content\/uploads\/2024\/09\/gpsdo_v2_schemat-300x227.png 300w, http:\/\/sq7hjb.pl\/wp-content\/uploads\/2024\/09\/gpsdo_v2_schemat-768x580.png 768w, http:\/\/sq7hjb.pl\/wp-content\/uploads\/2024\/09\/gpsdo_v2_schemat.png 1200w\" sizes=\"auto, (max-width: 1024px) 100vw, 1024px\" \/><\/figure>\n\n\n\n<p>Nowsza wersja GPSDO posiada dodatkowe wyj\u015bcie na sta\u0142e generuj\u0105ce 10Mhz oraz wyj\u015bcie sygna\u0142u 1PPS.<\/p>\n\n\n\n<figure class=\"wp-block-image size-large\"><img loading=\"lazy\" decoding=\"async\" width=\"1024\" height=\"783\" src=\"http:\/\/sq7hjb.pl\/wp-content\/uploads\/2024\/08\/gpsdov2-1024x783.jpg\" alt=\"pcb gpsdov2\" class=\"wp-image-674\" srcset=\"http:\/\/sq7hjb.pl\/wp-content\/uploads\/2024\/08\/gpsdov2-1024x783.jpg 1024w, http:\/\/sq7hjb.pl\/wp-content\/uploads\/2024\/08\/gpsdov2-300x229.jpg 300w, http:\/\/sq7hjb.pl\/wp-content\/uploads\/2024\/08\/gpsdov2-768x587.jpg 768w, http:\/\/sq7hjb.pl\/wp-content\/uploads\/2024\/08\/gpsdov2-1536x1174.jpg 1536w, http:\/\/sq7hjb.pl\/wp-content\/uploads\/2024\/08\/gpsdov2.jpg 1920w\" sizes=\"auto, (max-width: 1024px) 100vw, 1024px\" \/><\/figure>\n\n\n\n<p>Monta\u017c i uruchomienie przebieg\u0142o bez \u017cadnych problem\u00f3w. Wkr\u00f3tce wi\u0119cej fotek.<\/p>\n\n\n\n<figure class=\"wp-block-image size-large\"><img loading=\"lazy\" decoding=\"async\" width=\"1024\" height=\"445\" src=\"http:\/\/sq7hjb.pl\/wp-content\/uploads\/2024\/08\/DSC00388-1024x445.jpg\" alt=\"Zmontowana p\u0142ytka GPSDOv2\" class=\"wp-image-715\" srcset=\"http:\/\/sq7hjb.pl\/wp-content\/uploads\/2024\/08\/DSC00388-1024x445.jpg 1024w, http:\/\/sq7hjb.pl\/wp-content\/uploads\/2024\/08\/DSC00388-300x130.jpg 300w, http:\/\/sq7hjb.pl\/wp-content\/uploads\/2024\/08\/DSC00388-768x334.jpg 768w, http:\/\/sq7hjb.pl\/wp-content\/uploads\/2024\/08\/DSC00388-1536x667.jpg 1536w, http:\/\/sq7hjb.pl\/wp-content\/uploads\/2024\/08\/DSC00388.jpg 1920w\" sizes=\"auto, (max-width: 1024px) 100vw, 1024px\" \/><\/figure>\n\n\n\n<p><\/p>\n\n\n\n<p><\/p>\n\n\n\n<p><\/p>\n\n\n\n<p><\/p>\n","protected":false},"excerpt":{"rendered":"<p>Nowsza wersja GPSDO posiada dodatkowe wyj\u015bcie na sta\u0142e generuj\u0105ce 10Mhz oraz wyj\u015bcie sygna\u0142u 1PPS. Monta\u017c i uruchomienie przebieg\u0142o bez \u017cadnych<\/p>\n","protected":false},"author":1,"featured_media":0,"parent":0,"menu_order":0,"comment_status":"closed","ping_status":"closed","template":"","meta":{"footnotes":""},"class_list":["post-679","page","type-page","status-publish","hentry","comments-off"],"_links":{"self":[{"href":"http:\/\/sq7hjb.pl\/index.php\/wp-json\/wp\/v2\/pages\/679","targetHints":{"allow":["GET"]}}],"collection":[{"href":"http:\/\/sq7hjb.pl\/index.php\/wp-json\/wp\/v2\/pages"}],"about":[{"href":"http:\/\/sq7hjb.pl\/index.php\/wp-json\/wp\/v2\/types\/page"}],"author":[{"embeddable":true,"href":"http:\/\/sq7hjb.pl\/index.php\/wp-json\/wp\/v2\/users\/1"}],"replies":[{"embeddable":true,"href":"http:\/\/sq7hjb.pl\/index.php\/wp-json\/wp\/v2\/comments?post=679"}],"version-history":[{"count":3,"href":"http:\/\/sq7hjb.pl\/index.php\/wp-json\/wp\/v2\/pages\/679\/revisions"}],"predecessor-version":[{"id":731,"href":"http:\/\/sq7hjb.pl\/index.php\/wp-json\/wp\/v2\/pages\/679\/revisions\/731"}],"wp:attachment":[{"href":"http:\/\/sq7hjb.pl\/index.php\/wp-json\/wp\/v2\/media?parent=679"}],"curies":[{"name":"wp","href":"https:\/\/api.w.org\/{rel}","templated":true}]}}