{"id":648,"date":"2024-03-11T19:52:11","date_gmt":"2024-03-11T18:52:11","guid":{"rendered":"http:\/\/sq7hjb.pl\/?page_id=648"},"modified":"2024-09-01T21:03:24","modified_gmt":"2024-09-01T19:03:24","slug":"wzmacniacz-hf-qrp","status":"publish","type":"page","link":"http:\/\/sq7hjb.pl\/index.php\/wzmacniacz-hf-qrp\/","title":{"rendered":"Wzmacniacz HF QRP"},"content":{"rendered":"\n<figure class=\"wp-block-image size-large\"><img loading=\"lazy\" decoding=\"async\" width=\"1024\" height=\"773\" src=\"http:\/\/sq7hjb.pl\/wp-content\/uploads\/2024\/09\/pa_qrp_schemat-1024x773.png\" alt=\"\" class=\"wp-image-719\" srcset=\"http:\/\/sq7hjb.pl\/wp-content\/uploads\/2024\/09\/pa_qrp_schemat-1024x773.png 1024w, http:\/\/sq7hjb.pl\/wp-content\/uploads\/2024\/09\/pa_qrp_schemat-300x227.png 300w, http:\/\/sq7hjb.pl\/wp-content\/uploads\/2024\/09\/pa_qrp_schemat-768x580.png 768w, http:\/\/sq7hjb.pl\/wp-content\/uploads\/2024\/09\/pa_qrp_schemat-1536x1160.png 1536w, http:\/\/sq7hjb.pl\/wp-content\/uploads\/2024\/09\/pa_qrp_schemat.png 2000w\" sizes=\"auto, (max-width: 1024px) 100vw, 1024px\" \/><\/figure>\n\n\n\n<figure class=\"wp-block-image size-full\"><img loading=\"lazy\" decoding=\"async\" width=\"1024\" height=\"487\" src=\"http:\/\/sq7hjb.pl\/wp-content\/uploads\/2024\/08\/pa_qrp.jpg\" alt=\"\" class=\"wp-image-705\" srcset=\"http:\/\/sq7hjb.pl\/wp-content\/uploads\/2024\/08\/pa_qrp.jpg 1024w, http:\/\/sq7hjb.pl\/wp-content\/uploads\/2024\/08\/pa_qrp-300x143.jpg 300w, http:\/\/sq7hjb.pl\/wp-content\/uploads\/2024\/08\/pa_qrp-768x365.jpg 768w\" sizes=\"auto, (max-width: 1024px) 100vw, 1024px\" \/><\/figure>\n\n\n\n<p>Powoli ruszam z monta\u017cem wzmacniacza. Na pocz\u0105tek gniazda wej\u015bciowe, przeka\u017aniki, diody przy przeka\u017anikach, gniazdo ark(mo\u017cna wlutowa\u0107 przewody w pcb), rezystory r4 i r5, a po stronie bottom mosfet typu P. <br><\/p>\n\n\n\n<figure class=\"wp-block-image size-large\"><img loading=\"lazy\" decoding=\"async\" width=\"1024\" height=\"468\" src=\"http:\/\/sq7hjb.pl\/wp-content\/uploads\/2024\/08\/DSC00381-1024x468.jpg\" alt=\"pcb pa-qrp strona element\u00f3w - top\" class=\"wp-image-710\" srcset=\"http:\/\/sq7hjb.pl\/wp-content\/uploads\/2024\/08\/DSC00381-1024x468.jpg 1024w, http:\/\/sq7hjb.pl\/wp-content\/uploads\/2024\/08\/DSC00381-300x137.jpg 300w, http:\/\/sq7hjb.pl\/wp-content\/uploads\/2024\/08\/DSC00381-768x351.jpg 768w, http:\/\/sq7hjb.pl\/wp-content\/uploads\/2024\/08\/DSC00381-1536x702.jpg 1536w, http:\/\/sq7hjb.pl\/wp-content\/uploads\/2024\/08\/DSC00381.jpg 1920w\" sizes=\"auto, (max-width: 1024px) 100vw, 1024px\" \/><\/figure>\n\n\n\n<figure class=\"wp-block-image size-large\"><img loading=\"lazy\" decoding=\"async\" width=\"1024\" height=\"462\" src=\"http:\/\/sq7hjb.pl\/wp-content\/uploads\/2024\/08\/DSC00382-1024x462.jpg\" alt=\"pcb pa-qrp strona \u015bcie\u017cek - bottom\" class=\"wp-image-711\" srcset=\"http:\/\/sq7hjb.pl\/wp-content\/uploads\/2024\/08\/DSC00382-1024x462.jpg 1024w, http:\/\/sq7hjb.pl\/wp-content\/uploads\/2024\/08\/DSC00382-300x135.jpg 300w, http:\/\/sq7hjb.pl\/wp-content\/uploads\/2024\/08\/DSC00382-768x346.jpg 768w, http:\/\/sq7hjb.pl\/wp-content\/uploads\/2024\/08\/DSC00382-1536x693.jpg 1536w, http:\/\/sq7hjb.pl\/wp-content\/uploads\/2024\/08\/DSC00382.jpg 1920w\" sizes=\"auto, (max-width: 1024px) 100vw, 1024px\" \/><\/figure>\n\n\n\n<p>Dalszy monta\u017c to stabilizator 7809 orz kondensatory C1,7,11,15,16,25<\/p>\n\n\n\n<figure class=\"wp-block-image size-large\"><img loading=\"lazy\" decoding=\"async\" width=\"1024\" height=\"479\" src=\"http:\/\/sq7hjb.pl\/wp-content\/uploads\/2024\/09\/DSC00393-1024x479.jpg\" alt=\"pcb pa-qrp w trakcie monta\u017cu\" class=\"wp-image-727\" srcset=\"http:\/\/sq7hjb.pl\/wp-content\/uploads\/2024\/09\/DSC00393-1024x479.jpg 1024w, http:\/\/sq7hjb.pl\/wp-content\/uploads\/2024\/09\/DSC00393-300x140.jpg 300w, http:\/\/sq7hjb.pl\/wp-content\/uploads\/2024\/09\/DSC00393-768x360.jpg 768w, http:\/\/sq7hjb.pl\/wp-content\/uploads\/2024\/09\/DSC00393-1536x719.jpg 1536w, http:\/\/sq7hjb.pl\/wp-content\/uploads\/2024\/09\/DSC00393.jpg 1920w\" sizes=\"auto, (max-width: 1024px) 100vw, 1024px\" \/><\/figure>\n\n\n\n<p>Lutujemy kolejne kondensatory C5,6,8,17,18,13,9,10,22,23,24,20,21,2,3,4,14<\/p>\n\n\n\n<figure class=\"wp-block-image size-large\"><img loading=\"lazy\" decoding=\"async\" width=\"1024\" height=\"441\" src=\"http:\/\/sq7hjb.pl\/wp-content\/uploads\/2024\/09\/DSC00394-1024x441.jpg\" alt=\"pcb pa-qrp cz\u0119\u015bciowo zmontowana\" class=\"wp-image-726\" srcset=\"http:\/\/sq7hjb.pl\/wp-content\/uploads\/2024\/09\/DSC00394-1024x441.jpg 1024w, http:\/\/sq7hjb.pl\/wp-content\/uploads\/2024\/09\/DSC00394-300x129.jpg 300w, http:\/\/sq7hjb.pl\/wp-content\/uploads\/2024\/09\/DSC00394-768x331.jpg 768w, http:\/\/sq7hjb.pl\/wp-content\/uploads\/2024\/09\/DSC00394-1536x662.jpg 1536w, http:\/\/sq7hjb.pl\/wp-content\/uploads\/2024\/09\/DSC00394.jpg 1920w\" sizes=\"auto, (max-width: 1024px) 100vw, 1024px\" \/><\/figure>\n\n\n\n<p>Do wlutowania pozosta\u0142y rezystory, d\u0142awiki, transformatory w.cz. oraz tranzystory.<\/p>\n\n\n\n<p><\/p>\n\n\n\n<p><\/p>\n\n\n\n<p><\/p>\n","protected":false},"excerpt":{"rendered":"<p>Powoli ruszam z monta\u017cem wzmacniacza. Na pocz\u0105tek gniazda wej\u015bciowe, przeka\u017aniki, diody przy przeka\u017anikach, gniazdo ark(mo\u017cna wlutowa\u0107 przewody w pcb), rezystory<\/p>\n","protected":false},"author":1,"featured_media":0,"parent":0,"menu_order":0,"comment_status":"closed","ping_status":"closed","template":"","meta":{"footnotes":""},"class_list":["post-648","page","type-page","status-publish","hentry","comments-off"],"_links":{"self":[{"href":"http:\/\/sq7hjb.pl\/index.php\/wp-json\/wp\/v2\/pages\/648","targetHints":{"allow":["GET"]}}],"collection":[{"href":"http:\/\/sq7hjb.pl\/index.php\/wp-json\/wp\/v2\/pages"}],"about":[{"href":"http:\/\/sq7hjb.pl\/index.php\/wp-json\/wp\/v2\/types\/page"}],"author":[{"embeddable":true,"href":"http:\/\/sq7hjb.pl\/index.php\/wp-json\/wp\/v2\/users\/1"}],"replies":[{"embeddable":true,"href":"http:\/\/sq7hjb.pl\/index.php\/wp-json\/wp\/v2\/comments?post=648"}],"version-history":[{"count":6,"href":"http:\/\/sq7hjb.pl\/index.php\/wp-json\/wp\/v2\/pages\/648\/revisions"}],"predecessor-version":[{"id":729,"href":"http:\/\/sq7hjb.pl\/index.php\/wp-json\/wp\/v2\/pages\/648\/revisions\/729"}],"wp:attachment":[{"href":"http:\/\/sq7hjb.pl\/index.php\/wp-json\/wp\/v2\/media?parent=648"}],"curies":[{"name":"wp","href":"https:\/\/api.w.org\/{rel}","templated":true}]}}