{"id":556,"date":"2022-01-02T22:26:35","date_gmt":"2022-01-02T21:26:35","guid":{"rendered":"http:\/\/sq7hjb.pl\/?page_id=556"},"modified":"2022-01-08T21:47:17","modified_gmt":"2022-01-08T20:47:17","slug":"miernik-czestotliwosci-1khz-60mhz","status":"publish","type":"page","link":"http:\/\/sq7hjb.pl\/index.php\/miernik-czestotliwosci-1khz-60mhz\/","title":{"rendered":"Miernik cz\u0119stotliwo\u015bci 1kHz &#8211; 60MHz"},"content":{"rendered":"\n<p>Uk\u0142ad miernika cz\u0119stotliwo\u015bci wykonany jest na mikrokontrolerze MSP430G2553. Mikrokontroler taktowany jest kwarcem zegarkowym 32,768kHz. Pob\u00f3r pr\u0105du przy zasilaniu z 9V wynosi 36mA, z czego najwi\u0119cej zu\u017cywa pod\u015bwietlenie wy\u015bwietlacza LCD \ud83d\ude42<br>Poni\u017cej schemat miernika oraz fotki strony top i bottom.<\/p>\n\n\n\n<figure class=\"wp-block-image size-large\"><img loading=\"lazy\" decoding=\"async\" width=\"1024\" height=\"507\" src=\"http:\/\/sq7hjb.pl\/wp-content\/uploads\/2022\/01\/fmeter_msp-1024x507.jpg\" alt=\"schemat miernika cz\u0119stotliwo\u015bci\" class=\"wp-image-548\" srcset=\"http:\/\/sq7hjb.pl\/wp-content\/uploads\/2022\/01\/fmeter_msp-1024x507.jpg 1024w, http:\/\/sq7hjb.pl\/wp-content\/uploads\/2022\/01\/fmeter_msp-300x149.jpg 300w, http:\/\/sq7hjb.pl\/wp-content\/uploads\/2022\/01\/fmeter_msp-768x380.jpg 768w, http:\/\/sq7hjb.pl\/wp-content\/uploads\/2022\/01\/fmeter_msp.jpg 1425w\" sizes=\"auto, (max-width: 1024px) 100vw, 1024px\" \/><\/figure>\n\n\n\n<figure class=\"wp-block-image size-large is-resized\"><img loading=\"lazy\" decoding=\"async\" src=\"http:\/\/sq7hjb.pl\/wp-content\/uploads\/2022\/01\/fmeter-1024x380.jpg\" alt=\"Miernik cz\u0119stotliwoci na u\u0142adzie MSP430G2553\" class=\"wp-image-547\" width=\"1088\" height=\"403\" srcset=\"http:\/\/sq7hjb.pl\/wp-content\/uploads\/2022\/01\/fmeter-1024x380.jpg 1024w, http:\/\/sq7hjb.pl\/wp-content\/uploads\/2022\/01\/fmeter-300x111.jpg 300w, http:\/\/sq7hjb.pl\/wp-content\/uploads\/2022\/01\/fmeter-768x285.jpg 768w, http:\/\/sq7hjb.pl\/wp-content\/uploads\/2022\/01\/fmeter-1536x569.jpg 1536w, http:\/\/sq7hjb.pl\/wp-content\/uploads\/2022\/01\/fmeter-2048x759.jpg 2048w\" sizes=\"auto, (max-width: 1088px) 100vw, 1088px\" \/><\/figure>\n\n\n\n<figure class=\"wp-block-image size-large is-resized\"><img loading=\"lazy\" decoding=\"async\" src=\"http:\/\/sq7hjb.pl\/wp-content\/uploads\/2022\/01\/fmeter1-1024x395.jpg\" alt=\"\" class=\"wp-image-549\" width=\"1084\" height=\"418\" srcset=\"http:\/\/sq7hjb.pl\/wp-content\/uploads\/2022\/01\/fmeter1-1024x395.jpg 1024w, http:\/\/sq7hjb.pl\/wp-content\/uploads\/2022\/01\/fmeter1-300x116.jpg 300w, http:\/\/sq7hjb.pl\/wp-content\/uploads\/2022\/01\/fmeter1-768x296.jpg 768w, http:\/\/sq7hjb.pl\/wp-content\/uploads\/2022\/01\/fmeter1-1536x592.jpg 1536w, http:\/\/sq7hjb.pl\/wp-content\/uploads\/2022\/01\/fmeter1-2048x790.jpg 2048w\" sizes=\"auto, (max-width: 1084px) 100vw, 1084px\" \/><\/figure>\n\n\n\n<p>Miernik mo\u017cna zasila\u0107 przez gniazdo usb lub z dowolnego zasilacza stabilizowanego o napi\u0119ciu 9-15V. P\u0142ytka jest przystosowana do monta\u017c wy\u015bwietlacza &#8220;na kanapk\u0119&#8221;. Mo\u017cna go montowa\u0107 dowolnie wykorzystuj\u0105c do po\u0142\u0105czenia ta\u015bm\u0119 wieloprzewodow\u0105.<\/p>\n\n\n\n<figure class=\"wp-block-image size-large is-resized\"><img loading=\"lazy\" decoding=\"async\" src=\"http:\/\/sq7hjb.pl\/wp-content\/uploads\/2022\/01\/fmeter2-1024x359.jpg\" alt=\"\" class=\"wp-image-550\" width=\"1076\" height=\"377\" srcset=\"http:\/\/sq7hjb.pl\/wp-content\/uploads\/2022\/01\/fmeter2-1024x359.jpg 1024w, http:\/\/sq7hjb.pl\/wp-content\/uploads\/2022\/01\/fmeter2-300x105.jpg 300w, http:\/\/sq7hjb.pl\/wp-content\/uploads\/2022\/01\/fmeter2-768x270.jpg 768w, http:\/\/sq7hjb.pl\/wp-content\/uploads\/2022\/01\/fmeter2-1536x539.jpg 1536w, http:\/\/sq7hjb.pl\/wp-content\/uploads\/2022\/01\/fmeter2-2048x719.jpg 2048w\" sizes=\"auto, (max-width: 1076px) 100vw, 1076px\" \/><\/figure>\n\n\n\n<p>W konstrukcji zastosowane elementy przewlekane. Tranzystor T1 mo\u017cemy u\u017cy\u0107  w wersji THT lub SMD. Jednie kwarc zegarkowy jest ma\u0142ym elementem. Pozosta\u0142em nie powinny sprawi\u0107 problemu przy monta\u017cu. Wi\u0119kszo\u015b\u0107 element\u00f3w jest montowana na stronie top. Na stronie bottom montujemy tranzystor(tylko w wersji smd) oraz kwarc.<br>Dodatkowo obudowa kwarcu jest przylutowana do pcb do wyznaczonego pola lutowniczego.<\/p>\n\n\n\n<h3 class=\"wp-block-heading\"><strong>Monta\u017c i uruchomienie<\/strong><\/h3>\n\n\n\n<p>Przed przyst\u0105pieniem do monta\u017cu musimy sobie okre\u015bli\u0107, czy miernik b\u0119dzie zasilany z USB,czy z zewn\u0119trznego \u017ar\u00f3d\u0142a. Przy zasilaniu z USB mo\u017cemy zrezygnowa\u0107 z element\u00f3w D2, C1, C2, C3, 78L05. Je\u015bli b\u0119dziemy u\u017cywa\u0107 oryginalnych przewod\u00f3w usb mo\u017cemy r\u00f3wnie\u017c zrezygnowa\u0107 z B1 oraz D1 \ud83d\ude42 <br>Nale\u017cy zwr\u00f3ci\u0107 uwag\u0119  na bezpiecznik polimerowy, jest bardzo podobny do kondensator\u00f3w!!!<br>Oczywi\u015bcie nic nie stoi na przeszkodzie i mo\u017cna zamontowa\u0107 wszystkie elementy.<br>Zalecana kolejno\u015b\u0107 monta\u017cu to zwory, podstawka pod uk\u0142ad scalony, z\u0142\u0105cza goldpin. Elementy zasilania(wydzielona cz\u0119\u015b\u0107 w prawym g\u00f3rnym  naro\u017cniku schematu).<br><strong>Przy monta\u017cu nale\u017cy zwr\u00f3ci\u0107 uwag\u0119 na elementy, kt\u00f3re musz\u0105 by\u0107 zamontowane &#8220;na le\u017c\u0105co&#8221;. Dotyczy tylko sk\u0142adania miernika &#8220;na kanapk\u0119&#8221;.<\/strong><br>Teraz mo\u017cemy sprawdzi\u0107 napi\u0119cia zasilania. Katoda diody D1 powinno byc +5V oraz najwa\u017cniejsze pierwszy pin MSP430G2553, tutaj musi by\u0107 3,3V.<br>Dalsza kolejno\u015b\u0107 w\/g uznania. P\u0142ytka pozwala zamontowa\u0107 tranzystor T1 w wersji smd lub tht. Rezystor R3 dobieramy atak aby uzyska\u0107 oko\u0142o 1\/2 napi\u0119cia zasilania, czyli okolice 1,7V. Rezystor R7 odpowiada za pod\u015bwietlanie LCD, mo\u017cemy go r\u00f3wnie\u017c dobra\u0107 w\/g w\u0142asnych upodoba\u0144.<\/p>\n\n\n\n<p class=\"has-primary-color has-text-color\"><strong>Nale\u017cy zwr\u00f3ci\u0107 szczeg\u00f3lna uwag\u0119 przy wk\u0142adaniu uk\u0142adu scalonego MSP w podstawk\u0119!!!<\/strong><\/p>\n\n\n\n<p>Do pe\u0142ni szcz\u0119\u015bcia pozostaje ustawienie kontrastu wy\u015bwietlacza przy pomocy potencjometru monta\u017cowego P1.<br>Jest to odrobin\u0119 uci\u0105\u017cliwe przy monta\u017cu &#8220;na kanapk\u0119&#8221;, poniewa\u017c P1 znajduje si\u0119 pod wy\u015bwietlaczem.<br>Je\u015bli wszystko posz\u0142o zgodnie z planem<\/p>\n\n\n\n<p>CDN&#8230;<\/p>\n","protected":false},"excerpt":{"rendered":"<p>Uk\u0142ad miernika cz\u0119stotliwo\u015bci wykonany jest na mikrokontrolerze MSP430G2553. Mikrokontroler taktowany jest kwarcem zegarkowym 32,768kHz. Pob\u00f3r pr\u0105du przy zasilaniu z 9V<\/p>\n","protected":false},"author":1,"featured_media":0,"parent":0,"menu_order":0,"comment_status":"closed","ping_status":"closed","template":"","meta":{"footnotes":""},"class_list":["post-556","page","type-page","status-publish","hentry","comments-off"],"_links":{"self":[{"href":"http:\/\/sq7hjb.pl\/index.php\/wp-json\/wp\/v2\/pages\/556","targetHints":{"allow":["GET"]}}],"collection":[{"href":"http:\/\/sq7hjb.pl\/index.php\/wp-json\/wp\/v2\/pages"}],"about":[{"href":"http:\/\/sq7hjb.pl\/index.php\/wp-json\/wp\/v2\/types\/page"}],"author":[{"embeddable":true,"href":"http:\/\/sq7hjb.pl\/index.php\/wp-json\/wp\/v2\/users\/1"}],"replies":[{"embeddable":true,"href":"http:\/\/sq7hjb.pl\/index.php\/wp-json\/wp\/v2\/comments?post=556"}],"version-history":[{"count":8,"href":"http:\/\/sq7hjb.pl\/index.php\/wp-json\/wp\/v2\/pages\/556\/revisions"}],"predecessor-version":[{"id":624,"href":"http:\/\/sq7hjb.pl\/index.php\/wp-json\/wp\/v2\/pages\/556\/revisions\/624"}],"wp:attachment":[{"href":"http:\/\/sq7hjb.pl\/index.php\/wp-json\/wp\/v2\/media?parent=556"}],"curies":[{"name":"wp","href":"https:\/\/api.w.org\/{rel}","templated":true}]}}