{"id":494,"date":"2021-03-24T18:26:51","date_gmt":"2021-03-24T17:26:51","guid":{"rendered":"http:\/\/sq7hjb.pl\/?page_id=494"},"modified":"2022-01-02T20:49:28","modified_gmt":"2022-01-02T19:49:28","slug":"mix-pcb-dla-wzmacniaczy-mmic","status":"publish","type":"page","link":"http:\/\/sq7hjb.pl\/index.php\/mix-pcb-dla-wzmacniaczy-mmic\/","title":{"rendered":"MIX pcb dla wzmacniaczy MMIC"},"content":{"rendered":"\n<p>Fotka przedstawia mix p\u0142ytek pcb dla wzmacniaczy mmic oraz bias T.<br>Wymiary pojedynczej p\u0142ytki t0 27 x 27mm.<br>P\u0142ytki s\u0105 przystosowane do gniazd sma montowanych na kraw\u0119dzi.<\/p>\n\n\n\n<figure class=\"wp-block-image size-large is-resized is-style-default\"><img loading=\"lazy\" decoding=\"async\" src=\"http:\/\/sq7hjb.pl\/wp-content\/uploads\/2021\/03\/mmic_mix.jpg\" alt=\"fotka p\u0142ytek pcb\" class=\"wp-image-493\" width=\"869\" height=\"762\" srcset=\"http:\/\/sq7hjb.pl\/wp-content\/uploads\/2021\/03\/mmic_mix.jpg 717w, http:\/\/sq7hjb.pl\/wp-content\/uploads\/2021\/03\/mmic_mix-300x263.jpg 300w\" sizes=\"auto, (max-width: 869px) 100vw, 869px\" \/><\/figure>\n\n\n\n<p>P\u0142ytk\u0119 bis T opisywa\u0142em ju\u017c wcze\u015bniej. <strong><a href=\"http:\/\/sq7hjb.pl\/index.php\/bias-tee\/\">Tutaj link do opisu<\/a><\/strong><\/p>\n\n\n\n<h2 class=\"wp-block-heading\"><strong>PCB z oznaczeniem  v.1 <\/strong><\/h2>\n\n\n\n<p>przeznaczona jest dla wzmacniaczy w obudowie  SOT-363 z wyprowadzeniami rozmieszczonymi jak na poni\u017cszym schemacie. Przyk\u0142adem mo\u017ce by\u0107 BGA2869.<\/p>\n\n\n\n<figure class=\"wp-block-image size-large is-resized\"><img loading=\"lazy\" decoding=\"async\" src=\"http:\/\/sq7hjb.pl\/wp-content\/uploads\/2021\/03\/mmic_v1_diag.png\" alt=\"\" class=\"wp-image-505\" width=\"845\" height=\"183\" srcset=\"http:\/\/sq7hjb.pl\/wp-content\/uploads\/2021\/03\/mmic_v1_diag.png 659w, http:\/\/sq7hjb.pl\/wp-content\/uploads\/2021\/03\/mmic_v1_diag-300x65.png 300w\" sizes=\"auto, (max-width: 845px) 100vw, 845px\" \/><\/figure>\n\n\n\n<figure class=\"wp-block-image size-large is-resized\"><img loading=\"lazy\" decoding=\"async\" src=\"http:\/\/sq7hjb.pl\/wp-content\/uploads\/2021\/03\/mmic_v1_diag1.png\" alt=\"\" class=\"wp-image-506\" width=\"585\" height=\"315\" srcset=\"http:\/\/sq7hjb.pl\/wp-content\/uploads\/2021\/03\/mmic_v1_diag1.png 390w, http:\/\/sq7hjb.pl\/wp-content\/uploads\/2021\/03\/mmic_v1_diag1-300x162.png 300w\" sizes=\"auto, (max-width: 585px) 100vw, 585px\" \/><\/figure>\n\n\n\n<p>Ten konkretny typ nie wymaga stosowania d\u0142awika na wej\u015bciu zasilania. W takim przypadku w miejsce oznaczone na pcb L lutujemy zwork\u0119. Podobnie mo\u017cemy post\u0105pi\u0107 z rezystorem, je\u015bli nie jest wymagany lutujemy zwork\u0119.<\/p>\n\n\n\n<figure class=\"wp-block-image size-large is-resized\"><img loading=\"lazy\" decoding=\"async\" src=\"http:\/\/sq7hjb.pl\/wp-content\/uploads\/2021\/03\/mmic_v1.jpg\" alt=\"\" class=\"wp-image-509\" width=\"701\" height=\"581\" srcset=\"http:\/\/sq7hjb.pl\/wp-content\/uploads\/2021\/03\/mmic_v1.jpg 640w, http:\/\/sq7hjb.pl\/wp-content\/uploads\/2021\/03\/mmic_v1-300x248.jpg 300w\" sizes=\"auto, (max-width: 701px) 100vw, 701px\" \/><\/figure>\n\n\n\n<p>Dodatkowo na pcb jest miejsce na wlutowanie diody i bezpiecznika polimerowego. Te elementy zabezpieczaj\u0105 przed odwrotnym pod\u0142\u0105czeniem zasilania.<br>Na pcb , kt\u00f3r\u0105 zmontowa\u0142em w miejsce d\u0142awika wlutowa\u0142em d\u0142awik ferrytowy.<br>Kondensatory na wej\u015bciu i wyj\u015bciu zastosowa\u0142em 1uF, je\u015bli nie zale\u017cy nam na przepuszczaniu ni\u017cszych cz\u0119stotliwo\u015bci mo\u017cemy da\u0107 mniejsze warto\u015bci np 1nF. Kondensatory odsprzedaj\u0105ce zasilanie to zakres 100pF do 1nF. Bezpiecznik polimerowy 100mA.<br>W miejscu opornika , rezystor 5 ohm. Uk\u0142ad BGA2869 przy zasilaniu z 5V nie wymaga tego elementu. Mia\u0142em natomiast takie do\u015bwiadczenia z innymi mmic-ami, kt\u00f3re przy bezpo\u015brednim zasilaniu po kilku szybkich w\u0142\u0105czeniach zasilania &#8220;pada\u0142y&#8221;. Zastosowanie niewielkiego opornika rozwi\u0105zywa\u0142o ten problem.<br>Je\u015bli zastosuje si\u0119 inny typ uk\u0142adu o identycznie wprowadzonych pinach wymagaj\u0105cy innego zasilania , to musimy policzy\u0107 warto\u015b\u0107 opornika jaki nale\u017cy zastosowa\u0107 w celu uzyskania wymaganego napi\u0119cia i pr\u0105du. Rozmiar zastosowanych element\u00f3w to 0805 z wyj\u0105tkiem diody (SMA, DO-214AC).<\/p>\n\n\n\n<figure class=\"wp-block-image size-large is-resized\"><img loading=\"lazy\" decoding=\"async\" src=\"http:\/\/sq7hjb.pl\/wp-content\/uploads\/2021\/03\/mmic_v1_proto.jpg\" alt=\"\" class=\"wp-image-513\" width=\"1015\" height=\"509\" srcset=\"http:\/\/sq7hjb.pl\/wp-content\/uploads\/2021\/03\/mmic_v1_proto.jpg 791w, http:\/\/sq7hjb.pl\/wp-content\/uploads\/2021\/03\/mmic_v1_proto-300x151.jpg 300w, http:\/\/sq7hjb.pl\/wp-content\/uploads\/2021\/03\/mmic_v1_proto-768x385.jpg 768w\" sizes=\"auto, (max-width: 1015px) 100vw, 1015px\" \/><\/figure>\n\n\n\n<p>A tak si\u0119 wypowiedzia\u0142 o uk\u0142adzie analizator.<\/p>\n\n\n\n<figure class=\"wp-block-image size-large\"><img loading=\"lazy\" decoding=\"async\" width=\"1024\" height=\"576\" src=\"http:\/\/sq7hjb.pl\/wp-content\/uploads\/2021\/03\/mmic_v1_diag2-1024x576.jpg\" alt=\"\" class=\"wp-image-517\" srcset=\"http:\/\/sq7hjb.pl\/wp-content\/uploads\/2021\/03\/mmic_v1_diag2-1024x576.jpg 1024w, http:\/\/sq7hjb.pl\/wp-content\/uploads\/2021\/03\/mmic_v1_diag2-300x169.jpg 300w, http:\/\/sq7hjb.pl\/wp-content\/uploads\/2021\/03\/mmic_v1_diag2-768x432.jpg 768w, http:\/\/sq7hjb.pl\/wp-content\/uploads\/2021\/03\/mmic_v1_diag2-1536x864.jpg 1536w, http:\/\/sq7hjb.pl\/wp-content\/uploads\/2021\/03\/mmic_v1_diag2-1360x765.jpg 1360w, http:\/\/sq7hjb.pl\/wp-content\/uploads\/2021\/03\/mmic_v1_diag2.jpg 2016w\" sizes=\"auto, (max-width: 1024px) 100vw, 1024px\" \/><\/figure>\n\n\n\n<p><\/p>\n\n\n\n<p><\/p>\n\n\n\n<h2 class=\"wp-block-heading\"><strong>PCB z oznaczeniem v.2<\/strong><\/h2>\n\n\n\n<p>przeznaczona jest dla wzmacniaczy w obudowie SOT-363 z wyprowadzeniami rozmieszczonymi jak na poni\u017cszym schemacie. Przyk\u0142adem mo\u017ce by\u0107 <a rel=\"noreferrer noopener\" href=\"http:\/\/www.farnell.com\/datasheets\/1904385.pdf\" target=\"_blank\"><strong>AVT51663<\/strong><\/a>. Obudowa taka sama jak w wersji v.1, a uk\u0142ad wyprowadze\u0144 jest ju\u017c inny. Na rysunku poni\u017cej.<br><img loading=\"lazy\" decoding=\"async\" width=\"480\" height=\"495\" class=\"wp-image-527\" style=\"width: 480px;\" src=\"http:\/\/sq7hjb.pl\/wp-content\/uploads\/2021\/04\/AVT-51663.png\" alt=\"\" srcset=\"http:\/\/sq7hjb.pl\/wp-content\/uploads\/2021\/04\/AVT-51663.png 417w, http:\/\/sq7hjb.pl\/wp-content\/uploads\/2021\/04\/AVT-51663-291x300.png 291w\" sizes=\"auto, (max-width: 480px) 100vw, 480px\" \/><\/p>\n\n\n\n<p>P\u0142ytka drukowana jest bardzo zbli\u017cona konstrukcyjnie do wersji v.1. Fotka poni\u017cej.<br><img loading=\"lazy\" decoding=\"async\" width=\"640\" height=\"540\" class=\"wp-image-521\" style=\"width: 640px;\" src=\"http:\/\/sq7hjb.pl\/wp-content\/uploads\/2021\/04\/mmic_v2.jpg\" alt=\"\" srcset=\"http:\/\/sq7hjb.pl\/wp-content\/uploads\/2021\/04\/mmic_v2.jpg 640w, http:\/\/sq7hjb.pl\/wp-content\/uploads\/2021\/04\/mmic_v2-300x253.jpg 300w\" sizes=\"auto, (max-width: 640px) 100vw, 640px\" \/><\/p>\n\n\n\n<p>Zastosowane elementy to dioda smd  <strong>D<\/strong> zabezpieczaj\u0105ca przed odwrotn\u0105 polaryzacj\u0105, rezystor  <strong>R<\/strong> o warto\u015bci 33ohm(zgodnie z danymi katalogowymi), bezpiecznik polimerowy <strong>B<\/strong> &#8211; 100mA. W miejsce cewki <strong>L<\/strong> wlutowa\u0142em d\u0142awik ferrytowy, uk\u0142ad AVT-51663.<br>Kondensatory <strong>C<\/strong> na wej\u015bciu i wyj\u015bciu 1uF. Kondensatory <strong>C<\/strong> blokuj\u0105ce zastosowane przy zasilaniu mmic-a 1nF. Tutaj warto\u015bci mog\u0105 by\u0107 od pojedynczych pF do nF. <br>Uk\u0142ad pobiera 31mA. Poni\u017cej wykresy.<\/p>\n\n\n\n<figure class=\"wp-block-image size-large\"><img loading=\"lazy\" decoding=\"async\" width=\"1023\" height=\"600\" src=\"http:\/\/sq7hjb.pl\/wp-content\/uploads\/2021\/04\/mmicv2.png\" alt=\"\" class=\"wp-image-524\" srcset=\"http:\/\/sq7hjb.pl\/wp-content\/uploads\/2021\/04\/mmicv2.png 1023w, http:\/\/sq7hjb.pl\/wp-content\/uploads\/2021\/04\/mmicv2-300x176.png 300w, http:\/\/sq7hjb.pl\/wp-content\/uploads\/2021\/04\/mmicv2-768x450.png 768w\" sizes=\"auto, (max-width: 1023px) 100vw, 1023px\" \/><\/figure>\n\n\n\n<figure class=\"wp-block-image size-large\"><img loading=\"lazy\" decoding=\"async\" width=\"1023\" height=\"600\" src=\"http:\/\/sq7hjb.pl\/wp-content\/uploads\/2021\/04\/mmicv2-1.png\" alt=\"\" class=\"wp-image-525\" srcset=\"http:\/\/sq7hjb.pl\/wp-content\/uploads\/2021\/04\/mmicv2-1.png 1023w, http:\/\/sq7hjb.pl\/wp-content\/uploads\/2021\/04\/mmicv2-1-300x176.png 300w, http:\/\/sq7hjb.pl\/wp-content\/uploads\/2021\/04\/mmicv2-1-768x450.png 768w\" sizes=\"auto, (max-width: 1023px) 100vw, 1023px\" \/><\/figure>\n\n\n\n<figure class=\"wp-block-image size-large\"><img loading=\"lazy\" decoding=\"async\" width=\"1023\" height=\"600\" src=\"http:\/\/sq7hjb.pl\/wp-content\/uploads\/2021\/04\/mmicv2-2.png\" alt=\"\" class=\"wp-image-523\" srcset=\"http:\/\/sq7hjb.pl\/wp-content\/uploads\/2021\/04\/mmicv2-2.png 1023w, http:\/\/sq7hjb.pl\/wp-content\/uploads\/2021\/04\/mmicv2-2-300x176.png 300w, http:\/\/sq7hjb.pl\/wp-content\/uploads\/2021\/04\/mmicv2-2-768x450.png 768w\" sizes=\"auto, (max-width: 1023px) 100vw, 1023px\" \/><\/figure>\n\n\n\n<h2 class=\"wp-block-heading\"><strong>PCB z oznaczeniem v.<\/strong>3<\/h2>\n\n\n\n<p>Pcb z oznaczeniem v.3 przeznaczona jest dla wzmacniaczy mmic w obudowie SOT343 z uk\u0142adem wyprowadze\u0144 zgodnym z BGA616.<\/p>\n\n\n\n<figure class=\"wp-block-image size-large is-resized\"><img loading=\"lazy\" decoding=\"async\" src=\"http:\/\/sq7hjb.pl\/wp-content\/uploads\/2022\/01\/bg616.jpg\" alt=\"Schemat BGA616\" class=\"wp-image-537\" width=\"666\" height=\"387\" srcset=\"http:\/\/sq7hjb.pl\/wp-content\/uploads\/2022\/01\/bg616.jpg 454w, http:\/\/sq7hjb.pl\/wp-content\/uploads\/2022\/01\/bg616-300x174.jpg 300w\" sizes=\"auto, (max-width: 666px) 100vw, 666px\" \/><\/figure>\n\n\n\n<figure class=\"wp-block-image size-large\"><img loading=\"lazy\" decoding=\"async\" width=\"1024\" height=\"819\" src=\"http:\/\/sq7hjb.pl\/wp-content\/uploads\/2022\/01\/mmic_v3-1024x819.jpg\" alt=\"pcb mmic_v3\" class=\"wp-image-536\" srcset=\"http:\/\/sq7hjb.pl\/wp-content\/uploads\/2022\/01\/mmic_v3-1024x819.jpg 1024w, http:\/\/sq7hjb.pl\/wp-content\/uploads\/2022\/01\/mmic_v3-300x240.jpg 300w, http:\/\/sq7hjb.pl\/wp-content\/uploads\/2022\/01\/mmic_v3-768x615.jpg 768w, http:\/\/sq7hjb.pl\/wp-content\/uploads\/2022\/01\/mmic_v3-1536x1229.jpg 1536w, http:\/\/sq7hjb.pl\/wp-content\/uploads\/2022\/01\/mmic_v3-2048x1639.jpg 2048w\" sizes=\"auto, (max-width: 1024px) 100vw, 1024px\" \/><\/figure>\n\n\n\n<p>Poni\u017cej wykresy wzmocnienia w funkcji cz\u0119stotliwo\u015bci.<br>Pierwszy wykres to pasmo 10kHz do 2,7GHz.<\/p>\n\n\n\n<figure class=\"wp-block-image size-large\"><img loading=\"lazy\" decoding=\"async\" width=\"1023\" height=\"600\" src=\"http:\/\/sq7hjb.pl\/wp-content\/uploads\/2022\/01\/10k-2.7G.png\" alt=\"wykres wzmocnienia 10kHz do 2,7GHz\" class=\"wp-image-538\" srcset=\"http:\/\/sq7hjb.pl\/wp-content\/uploads\/2022\/01\/10k-2.7G.png 1023w, http:\/\/sq7hjb.pl\/wp-content\/uploads\/2022\/01\/10k-2.7G-300x176.png 300w, http:\/\/sq7hjb.pl\/wp-content\/uploads\/2022\/01\/10k-2.7G-768x450.png 768w\" sizes=\"auto, (max-width: 1023px) 100vw, 1023px\" \/><\/figure>\n\n\n\n<p>oraz wykres dla pasma 10kHz &#8211; 60MHz<\/p>\n\n\n\n<figure class=\"wp-block-image size-large is-style-default\"><img loading=\"lazy\" decoding=\"async\" width=\"1023\" height=\"600\" src=\"http:\/\/sq7hjb.pl\/wp-content\/uploads\/2022\/01\/10k-60M.png\" alt=\"wykres wzmocnienia uk\u0142adu BGA616 10kHz do 60MHz\" class=\"wp-image-539\" srcset=\"http:\/\/sq7hjb.pl\/wp-content\/uploads\/2022\/01\/10k-60M.png 1023w, http:\/\/sq7hjb.pl\/wp-content\/uploads\/2022\/01\/10k-60M-300x176.png 300w, http:\/\/sq7hjb.pl\/wp-content\/uploads\/2022\/01\/10k-60M-768x450.png 768w\" sizes=\"auto, (max-width: 1023px) 100vw, 1023px\" \/><\/figure>\n\n\n\n<p>Ka\u017cdy ze wzmacniaczy ma inne parametry. R\u00f3\u017cne wzmocnienia, r\u00f3\u017cne warto\u015bci IP3 oraz r\u00f3\u017cne zakresy wzmacnianych cz\u0119stotliwo\u015bci. To tylko kilka r\u00f3\u017cnic. Dok\u0142adne dane nale\u017cy poszuka\u0107 w danych katalogowych.<br><\/p>\n\n\n\n<p><\/p>\n\n\n\n<h3 class=\"has-primary-color has-text-color wp-block-heading\">Huta D\u0142utowska 02.01.2021<\/h3>\n\n\n\n<p><\/p>\n","protected":false},"excerpt":{"rendered":"<p>Fotka przedstawia mix p\u0142ytek pcb dla wzmacniaczy mmic oraz bias T.Wymiary pojedynczej p\u0142ytki t0 27 x 27mm.P\u0142ytki s\u0105 przystosowane do<\/p>\n","protected":false},"author":1,"featured_media":0,"parent":0,"menu_order":0,"comment_status":"closed","ping_status":"closed","template":"","meta":{"footnotes":""},"class_list":["post-494","page","type-page","status-publish","hentry","comments-off"],"_links":{"self":[{"href":"http:\/\/sq7hjb.pl\/index.php\/wp-json\/wp\/v2\/pages\/494","targetHints":{"allow":["GET"]}}],"collection":[{"href":"http:\/\/sq7hjb.pl\/index.php\/wp-json\/wp\/v2\/pages"}],"about":[{"href":"http:\/\/sq7hjb.pl\/index.php\/wp-json\/wp\/v2\/types\/page"}],"author":[{"embeddable":true,"href":"http:\/\/sq7hjb.pl\/index.php\/wp-json\/wp\/v2\/users\/1"}],"replies":[{"embeddable":true,"href":"http:\/\/sq7hjb.pl\/index.php\/wp-json\/wp\/v2\/comments?post=494"}],"version-history":[{"count":11,"href":"http:\/\/sq7hjb.pl\/index.php\/wp-json\/wp\/v2\/pages\/494\/revisions"}],"predecessor-version":[{"id":543,"href":"http:\/\/sq7hjb.pl\/index.php\/wp-json\/wp\/v2\/pages\/494\/revisions\/543"}],"wp:attachment":[{"href":"http:\/\/sq7hjb.pl\/index.php\/wp-json\/wp\/v2\/media?parent=494"}],"curies":[{"name":"wp","href":"https:\/\/api.w.org\/{rel}","templated":true}]}}