{"id":42,"date":"2020-03-10T16:47:50","date_gmt":"2020-03-10T15:47:50","guid":{"rendered":"http:\/\/sq7hjb.pl\/?page_id=42"},"modified":"2020-03-22T20:47:47","modified_gmt":"2020-03-22T19:47:47","slug":"nie-tylko-radio","status":"publish","type":"page","link":"http:\/\/sq7hjb.pl\/index.php\/nie-tylko-radio\/","title":{"rendered":"Nie tylko radio"},"content":{"rendered":"\n<h2 class=\"wp-block-heading\"><a href=\"http:\/\/sq7hjb.pl\/index.php\/ladowarka-rowerowa\/\" target=\"_blank\" rel=\"noreferrer noopener\" aria-label=\"\u0141adowarka rowerowa (otwiera si\u0119 na nowej zak\u0142adce)\">\u0141adowarka rowerowa<\/a><\/h2>\n","protected":false},"excerpt":{"rendered":"<p>\u0141adowarka rowerowa<\/p>\n","protected":false},"author":1,"featured_media":0,"parent":0,"menu_order":0,"comment_status":"closed","ping_status":"closed","template":"","meta":{"footnotes":""},"class_list":["post-42","page","type-page","status-publish","hentry","comments-off"],"_links":{"self":[{"href":"http:\/\/sq7hjb.pl\/index.php\/wp-json\/wp\/v2\/pages\/42","targetHints":{"allow":["GET"]}}],"collection":[{"href":"http:\/\/sq7hjb.pl\/index.php\/wp-json\/wp\/v2\/pages"}],"about":[{"href":"http:\/\/sq7hjb.pl\/index.php\/wp-json\/wp\/v2\/types\/page"}],"author":[{"embeddable":true,"href":"http:\/\/sq7hjb.pl\/index.php\/wp-json\/wp\/v2\/users\/1"}],"replies":[{"embeddable":true,"href":"http:\/\/sq7hjb.pl\/index.php\/wp-json\/wp\/v2\/comments?post=42"}],"version-history":[{"count":2,"href":"http:\/\/sq7hjb.pl\/index.php\/wp-json\/wp\/v2\/pages\/42\/revisions"}],"predecessor-version":[{"id":292,"href":"http:\/\/sq7hjb.pl\/index.php\/wp-json\/wp\/v2\/pages\/42\/revisions\/292"}],"wp:attachment":[{"href":"http:\/\/sq7hjb.pl\/index.php\/wp-json\/wp\/v2\/media?parent=42"}],"curies":[{"name":"wp","href":"https:\/\/api.w.org\/{rel}","templated":true}]}}