{"id":40,"date":"2020-03-10T16:47:32","date_gmt":"2020-03-10T15:47:32","guid":{"rendered":"http:\/\/sq7hjb.pl\/?page_id=40"},"modified":"2024-09-14T21:07:09","modified_gmt":"2024-09-14T19:07:09","slug":"mierniki","status":"publish","type":"page","link":"http:\/\/sq7hjb.pl\/index.php\/mierniki\/","title":{"rendered":"Mierniki"},"content":{"rendered":"\n<h2 class=\"wp-block-heading has-large-font-size\"><a aria-label=\"Analizator  antenowy w\/g EU1KY (otwiera si\u0119 na nowej zak\u0142adce)\" href=\"http:\/\/sq7hjb.pl\/index.php\/analizator-antenowy-w-g-eu1ky\/\" target=\"_blank\" rel=\"noreferrer noopener\">Analizator  antenowy w\/g EU1KY<\/a><\/h2>\n\n\n\n<h2 class=\"wp-block-heading has-large-font-size\"><a rel=\"noreferrer noopener\" aria-label=\"NA-01 analizator obwod\u00f3w (otwiera si\u0119 na nowej zak\u0142adce)\" href=\"http:\/\/sq7hjb.pl\/index.php\/na-01-analizator-obwodow\/\" target=\"_blank\">NA-01 analizator obwod\u00f3w<\/a><\/h2>\n\n\n\n<h2 class=\"wp-block-heading has-primary-color has-text-color has-link-color has-large-font-size wp-elements-cbcc49c260da02136c8cab36da7e5d45\"><a href=\"http:\/\/sq7hjb.pl\/index.php\/miernik-czestotliwosci-w-g-s53mv\/\" data-type=\"link\" data-id=\"http:\/\/sq7hjb.pl\/index.php\/miernik-czestotliwosci-w-g-s53mv\/\">Miernik cz\u0119stotliwo\u015bci w\/g S53MV<\/a><\/h2>\n\n\n\n<h2 class=\"wp-block-heading has-large-font-size\"><a href=\"http:\/\/sq7hjb.pl\/index.php\/miernik-czestotliwosci-1khz-60mhz\/\" data-type=\"link\" data-id=\"http:\/\/sq7hjb.pl\/index.php\/miernik-czestotliwosci-1khz-60mhz\/\">Miernik cz\u0119stotliwo\u015bci 1kHz &#8211; 60MHz<\/a><\/h2>\n\n\n\n<h2 class=\"wp-block-heading has-primary-color has-text-color has-link-color has-large-font-size wp-elements-0ec9c7476513fef7f781063d375484d8\"><a href=\"http:\/\/sq7hjb.pl\/index.php\/miernik-lrc-m181\/\" data-type=\"link\" data-id=\"http:\/\/sq7hjb.pl\/index.php\/miernik-lrc-m181\/\">Miernik LCR M181<\/a><\/h2>\n\n\n\n<p><\/p>\n","protected":false},"excerpt":{"rendered":"<p>Analizator antenowy w\/g EU1KY NA-01 analizator obwod\u00f3w Miernik cz\u0119stotliwo\u015bci w\/g S53MV Miernik cz\u0119stotliwo\u015bci 1kHz &#8211; 60MHz Miernik LCR M181<\/p>\n","protected":false},"author":1,"featured_media":0,"parent":0,"menu_order":0,"comment_status":"closed","ping_status":"closed","template":"","meta":{"footnotes":""},"class_list":["post-40","page","type-page","status-publish","hentry","comments-off"],"_links":{"self":[{"href":"http:\/\/sq7hjb.pl\/index.php\/wp-json\/wp\/v2\/pages\/40","targetHints":{"allow":["GET"]}}],"collection":[{"href":"http:\/\/sq7hjb.pl\/index.php\/wp-json\/wp\/v2\/pages"}],"about":[{"href":"http:\/\/sq7hjb.pl\/index.php\/wp-json\/wp\/v2\/types\/page"}],"author":[{"embeddable":true,"href":"http:\/\/sq7hjb.pl\/index.php\/wp-json\/wp\/v2\/users\/1"}],"replies":[{"embeddable":true,"href":"http:\/\/sq7hjb.pl\/index.php\/wp-json\/wp\/v2\/comments?post=40"}],"version-history":[{"count":9,"href":"http:\/\/sq7hjb.pl\/index.php\/wp-json\/wp\/v2\/pages\/40\/revisions"}],"predecessor-version":[{"id":746,"href":"http:\/\/sq7hjb.pl\/index.php\/wp-json\/wp\/v2\/pages\/40\/revisions\/746"}],"wp:attachment":[{"href":"http:\/\/sq7hjb.pl\/index.php\/wp-json\/wp\/v2\/media?parent=40"}],"curies":[{"name":"wp","href":"https:\/\/api.w.org\/{rel}","templated":true}]}}