{"id":289,"date":"2020-03-22T20:45:39","date_gmt":"2020-03-22T19:45:39","guid":{"rendered":"http:\/\/sq7hjb.pl\/?page_id=289"},"modified":"2020-03-31T12:13:43","modified_gmt":"2020-03-31T10:13:43","slug":"mini-gpsdo","status":"publish","type":"page","link":"http:\/\/sq7hjb.pl\/index.php\/mini-gpsdo\/","title":{"rendered":"Mini GPSDO"},"content":{"rendered":"\n<h3 class=\"wp-block-heading\">Generator cz\u0119stotliwo\u015bci na  SI5351 synchronizowany sygna\u0142em 1pps z GPS-a.<\/h3>\n\n\n\n<p> Projekt wzorowany na artykule W3PM oraz SQ1GU z drobnymi zmianami w sofcie. Zmiany dotycz\u0105 zastosowanego wy\u015bwietlacza OLED oraz dodanie dodatkowej funkcjonalno\u015bci, pozwalaj\u0105cej generowa\u0107 4 wst\u0119pnie zaprogramowane cz\u0119stotliwo\u015bci. Pozwala na prac\u0119 urz\u0105dzenia bez wy\u015bwietlacza. S\u0142u\u017c\u0105 do tego zwory Z1 oraz Z2. Dioda LED sygnalizuje uzyskanie stabilno\u015bci sygna\u0142u lepszej ni\u017c 1 Hz.<\/p>\n\n\n\n<figure class=\"wp-block-image size-large\"><img loading=\"lazy\" decoding=\"async\" width=\"787\" height=\"1024\" src=\"http:\/\/sq7hjb.pl\/wp-content\/uploads\/2020\/03\/gpsdomini-787x1024.jpg\" alt=\"\" class=\"wp-image-294\" srcset=\"http:\/\/sq7hjb.pl\/wp-content\/uploads\/2020\/03\/gpsdomini-787x1024.jpg 787w, http:\/\/sq7hjb.pl\/wp-content\/uploads\/2020\/03\/gpsdomini-230x300.jpg 230w, http:\/\/sq7hjb.pl\/wp-content\/uploads\/2020\/03\/gpsdomini-768x1000.jpg 768w, http:\/\/sq7hjb.pl\/wp-content\/uploads\/2020\/03\/gpsdomini-1180x1536.jpg 1180w, http:\/\/sq7hjb.pl\/wp-content\/uploads\/2020\/03\/gpsdomini-1573x2048.jpg 1573w, http:\/\/sq7hjb.pl\/wp-content\/uploads\/2020\/03\/gpsdomini-scaled.jpg 1966w\" sizes=\"auto, (max-width: 787px) 100vw, 787px\" \/><\/figure>\n\n\n\n<p>W urz\u0105dzeniu u\u017cyty jest wy\u015bwietlacz OLED 1,3 cala sterowany po SPI (sterownik SH1106)<img loading=\"lazy\" decoding=\"async\" width=\"300\" height=\"262\" class=\"wp-image-306\" style=\"width: 300px;\" src=\"http:\/\/sq7hjb.pl\/wp-content\/uploads\/2020\/03\/oled1.jpg\" alt=\"\" srcset=\"http:\/\/sq7hjb.pl\/wp-content\/uploads\/2020\/03\/oled1.jpg 1544w, http:\/\/sq7hjb.pl\/wp-content\/uploads\/2020\/03\/oled1-300x262.jpg 300w, http:\/\/sq7hjb.pl\/wp-content\/uploads\/2020\/03\/oled1-1024x895.jpg 1024w, http:\/\/sq7hjb.pl\/wp-content\/uploads\/2020\/03\/oled1-768x672.jpg 768w, http:\/\/sq7hjb.pl\/wp-content\/uploads\/2020\/03\/oled1-1536x1343.jpg 1536w\" sizes=\"auto, (max-width: 300px) 100vw, 300px\" \/><img loading=\"lazy\" decoding=\"async\" width=\"303\" height=\"260\" class=\"wp-image-305\" style=\"width: 303px;\" src=\"http:\/\/sq7hjb.pl\/wp-content\/uploads\/2020\/03\/oled.jpg\" alt=\"\" srcset=\"http:\/\/sq7hjb.pl\/wp-content\/uploads\/2020\/03\/oled.jpg 1534w, http:\/\/sq7hjb.pl\/wp-content\/uploads\/2020\/03\/oled-300x257.jpg 300w, http:\/\/sq7hjb.pl\/wp-content\/uploads\/2020\/03\/oled-1024x878.jpg 1024w, http:\/\/sq7hjb.pl\/wp-content\/uploads\/2020\/03\/oled-768x659.jpg 768w\" sizes=\"auto, (max-width: 303px) 100vw, 303px\" \/><\/p>\n\n\n\n<p>P\u0142ytka z fotki nie posiada jeszcze zworki Z3. Najnowsza wersja pcb ju\u017c j\u0105 ma. Umo\u017cliwia zaprogramowanie arudino bez wyjmowania modu\u0142u gps z uk\u0142adu.<\/p>\n\n\n\n<figure class=\"wp-block-image size-large\"><img loading=\"lazy\" decoding=\"async\" width=\"1024\" height=\"676\" src=\"http:\/\/sq7hjb.pl\/wp-content\/uploads\/2020\/03\/gpsdo_mini-1024x676.jpg\" alt=\"\" class=\"wp-image-304\" srcset=\"http:\/\/sq7hjb.pl\/wp-content\/uploads\/2020\/03\/gpsdo_mini-1024x676.jpg 1024w, http:\/\/sq7hjb.pl\/wp-content\/uploads\/2020\/03\/gpsdo_mini-300x198.jpg 300w, http:\/\/sq7hjb.pl\/wp-content\/uploads\/2020\/03\/gpsdo_mini-768x507.jpg 768w, http:\/\/sq7hjb.pl\/wp-content\/uploads\/2020\/03\/gpsdo_mini-1536x1014.jpg 1536w, http:\/\/sq7hjb.pl\/wp-content\/uploads\/2020\/03\/gpsdo_mini-2048x1352.jpg 2048w\" sizes=\"auto, (max-width: 1024px) 100vw, 1024px\" \/><\/figure>\n\n\n\n<figure class=\"wp-block-image size-large\"><img loading=\"lazy\" decoding=\"async\" width=\"1024\" height=\"640\" src=\"http:\/\/sq7hjb.pl\/wp-content\/uploads\/2020\/03\/schemat_gpsdo.jpg\" alt=\"\" class=\"wp-image-386\" srcset=\"http:\/\/sq7hjb.pl\/wp-content\/uploads\/2020\/03\/schemat_gpsdo.jpg 1024w, http:\/\/sq7hjb.pl\/wp-content\/uploads\/2020\/03\/schemat_gpsdo-300x188.jpg 300w, http:\/\/sq7hjb.pl\/wp-content\/uploads\/2020\/03\/schemat_gpsdo-768x480.jpg 768w\" sizes=\"auto, (max-width: 1024px) 100vw, 1024px\" \/><\/figure>\n\n\n\n<p>\nOpisany generator mo\u017cemy\nstosowa\u0107 jako wzorzec cz\u0119stotliwo\u015bci do miernika cz\u0119stotliwo\u015bci,\njako samodzielny generator o du\u017cej dok\u0142adno\u015bci.<\/p>\n\n\n\n<p>\nZ pewno\u015bci\u0105 znajd\u0105 dla\nniego inne zastosowania.<\/p>\n\n\n\n<p>\n\tUrz\u0105dzenie jest do\u015b\u0107\nproste w uruchomieniu pod warunkiem zastosowania sprawdzonych\nelement\u00f3w.  Na 1-stronnym pcb umieszczone s\u0105 wszystkie modu\u0142y i\nelementy niezb\u0119dne do uruchomienia urz\u0105dzenia.<\/p>\n\n\n\n<p>\n\tRozpocz\u0119cie monta\u017cu\nsugerujemy do wlutowania zworek, goldpin\u00f3w oraz element\u00f3w zasilania\n(stabilizator 7805, dioda 1N4007, kondensatory oraz d\u0142awiki). Po\nwlutowaniu mo\u017cemy sprawdzi\u0107 poprawno\u015b\u0107 napi\u0119\u0107. Modu\u0142y arduino,\ngps oraz si5351 mo\u017cemy wlutowa\u0107 bezpo\u015brednio w pcb lub przy pomocy\ngoldpin\u00f3w.<\/p>\n\n\n\n<p> Diody 1N4007 znajduj\u0105ce si\u0119 pod modu\u0142em GPS montujemy tylko w przypadku zastosowania modu\u0142u zasilanego z 3,3V.  W przypadku modu\u0142u zasilanego z 5V, diody zast\u0119pujemy zworkami.  <\/p>\n\n\n\n<figure class=\"wp-block-image size-large\"><img loading=\"lazy\" decoding=\"async\" width=\"360\" height=\"1024\" src=\"http:\/\/sq7hjb.pl\/wp-content\/uploads\/2020\/03\/lpf_gpsdo-360x1024.jpg\" alt=\"\" class=\"wp-image-295\" srcset=\"http:\/\/sq7hjb.pl\/wp-content\/uploads\/2020\/03\/lpf_gpsdo-360x1024.jpg 360w, http:\/\/sq7hjb.pl\/wp-content\/uploads\/2020\/03\/lpf_gpsdo-105x300.jpg 105w, http:\/\/sq7hjb.pl\/wp-content\/uploads\/2020\/03\/lpf_gpsdo-540x1536.jpg 540w, http:\/\/sq7hjb.pl\/wp-content\/uploads\/2020\/03\/lpf_gpsdo.jpg 640w\" sizes=\"auto, (max-width: 360px) 100vw, 360px\" \/><\/figure>\n\n\n\n<p> Na wyj\u015bciu generatora zastosowano dwa filtry dolnoprzepustowe. Ka\u017cdy mo\u017ce dobra\u0107 elementy w zale\u017cno\u015bci od potrzebnej cz\u0119stotliwo\u015bci , mo\u017cna r\u00f3wnie\u017c te filtry pomin\u0105\u0107. Nale\u017cy wtedy w miejsce cewek L1 do L6 wlutowa\u0107 zworki (oporniki 0R).<br> Modu\u0142 arduino mo\u017cemy zaprogramowa\u0107 przed wlutowaniem lub po wlutowaniu. W przypadku tej drugiej opcji do programowania  zdejmujemy zwor\u0119 Z3. Po zaprogramowaniu zak\u0142adamy j\u0105 z powrotem.<\/p>\n\n\n\n<p>\nModu\u0142 mo\u017ce pracowa\u0107 w dw\u00f3ch\nkonfiguracjach:<\/p>\n\n\n\n<p>\n1 &#8211; z wy\u015bwietlaczem OLED +\nenkoder<\/p>\n\n\n\n<p>\n2 &#8211; bez wy\u015bwietlacza\n(cz\u0119stotliwo\u015b\u0107 wybierana przy pomocy zwory)<\/p>\n\n\n\n<p>\n\tPierwsza konfiguracja pozwala\nna wyb\u00f3r dowolnej cz\u0119stotliwo\u015bci pracy i szybk\u0105 zmian\u0119 tej\ncz\u0119stotliwo\u015bci przy pomocy enkodera. Do dyspozycji mamy 5 kom\u00f3rek\npami\u0119ci. W tej wersji dzia\u0142aj\u0105 r\u00f3wnie\u017c ustawienia zworami.\nJednak w momencie zmiany cz\u0119stotliwo\u015bci enkoderem powoduj\u0105\nprzerwanie tego trybu.<\/p>\n\n\n\n<p> Druga konfiguracja pozwala przy pomocy zw\u00f3r Z1,Z2 wybra\u0107 jedn\u0105 z czterech cz\u0119stotliwo\u015bci. Je\u017celi nie potrzebujemy nic zmienia\u0107 ta wersja b\u0119dzie dobrym wyborem. Cz\u0119stotliwo\u015bci te wpisujemy w szkicu. Bez za\u0142o\u017conej zwory uk\u0142ad generuje 10MHz. Pozosta\u0142e 3 cz\u0119stotliwo\u015bci ustawiamy przy pomocy zworek.<\/p>\n\n\n\n<p> W obu trybach pracy dioda LED za\u015bwieceniem sygnalizuje uzyskanie stabilno\u015bci cz\u0119stotliwo\u015bci wyj\u015bciowej poni\u017cej 1Hz.<\/p>\n\n\n\n<p><\/p>\n\n\n\n<h3 class=\"wp-block-heading\"><strong>Uruchomienie w wersji  wy\u015bwietlaczem OLED<\/strong><\/h3>\n\n\n\n<p><br>Je\u015bli monta\u017c jest wykonany prawid\u0142owo, u\u017cyte elementy s\u0105 sprawne oraz wgranie softu przebieg\u0142o prawid\u0142owo to po pod\u0142\u0105czeniu zasilania powinni\u015bmy zobaczy\u0107 nast\u0119puj\u0105ce ekrany. <br><img loading=\"lazy\" decoding=\"async\" width=\"304\" height=\"272\" class=\"wp-image-310\" style=\"width: 304px;\" src=\"http:\/\/sq7hjb.pl\/wp-content\/uploads\/2020\/03\/gps1.jpg\" alt=\"\" srcset=\"http:\/\/sq7hjb.pl\/wp-content\/uploads\/2020\/03\/gps1.jpg 1434w, http:\/\/sq7hjb.pl\/wp-content\/uploads\/2020\/03\/gps1-300x269.jpg 300w, http:\/\/sq7hjb.pl\/wp-content\/uploads\/2020\/03\/gps1-1024x917.jpg 1024w, http:\/\/sq7hjb.pl\/wp-content\/uploads\/2020\/03\/gps1-768x688.jpg 768w\" sizes=\"auto, (max-width: 304px) 100vw, 304px\" \/>    <img loading=\"lazy\" decoding=\"async\" width=\"298\" height=\"275\" class=\"wp-image-311\" style=\"width: 298px;\" src=\"http:\/\/sq7hjb.pl\/wp-content\/uploads\/2020\/03\/gps2.jpg\" alt=\"\" srcset=\"http:\/\/sq7hjb.pl\/wp-content\/uploads\/2020\/03\/gps2.jpg 1280w, http:\/\/sq7hjb.pl\/wp-content\/uploads\/2020\/03\/gps2-300x277.jpg 300w, http:\/\/sq7hjb.pl\/wp-content\/uploads\/2020\/03\/gps2-1024x945.jpg 1024w, http:\/\/sq7hjb.pl\/wp-content\/uploads\/2020\/03\/gps2-768x709.jpg 768w\" sizes=\"auto, (max-width: 298px) 100vw, 298px\" \/><br>Je\u015bli b\u0119dzie problem z modu\u0142em gps, mo\u017ce pojawi\u0107 si\u0119 komunikat &#8220;GPS not connect, check wiring&#8221;. Mo\u017ce to by\u0107 skutek z\u0142ego pod\u0142\u0105czenia  lub uszkodzenia modu\u0142u.<br>Widoczn\u0105 oznak\u0105 z\u0142apania synchronizacji przez modu\u0142 gps jest pulsowanie diody (1PPS) na module gps.<br>Pierwsze zimne uruchomienie modu\u0142u gps trwa zazwyczaj d\u0142u\u017cej, wtedy mo\u017ce pojawi\u0107 si\u0119 taki ekran<br><img loading=\"lazy\" decoding=\"async\" width=\"300\" height=\"278\" class=\"wp-image-313\" style=\"width: 300px;\" src=\"http:\/\/sq7hjb.pl\/wp-content\/uploads\/2020\/03\/gps4.jpg\" alt=\"\" srcset=\"http:\/\/sq7hjb.pl\/wp-content\/uploads\/2020\/03\/gps4.jpg 1184w, http:\/\/sq7hjb.pl\/wp-content\/uploads\/2020\/03\/gps4-300x278.jpg 300w, http:\/\/sq7hjb.pl\/wp-content\/uploads\/2020\/03\/gps4-1024x948.jpg 1024w, http:\/\/sq7hjb.pl\/wp-content\/uploads\/2020\/03\/gps4-768x711.jpg 768w\" sizes=\"auto, (max-width: 300px) 100vw, 300px\" \/><br>Po kilku minutach powinna si\u0119 pojawi\u0107 ju\u017c na wy\u015bwietlaczu  data godzina ,ilo\u015b\u0107 odbieranych satelit oraz cz\u0119stotliwo\u015b\u0107 pracy. Po uzyskaniu stabilno\u015bci lepszej ni\u017c 1 Hz na wy\u015bwietlaczu pojawi si\u0119 znaczek &#8220;@&#8221; po prawej stronie w linii opisuj\u0105cej ilo\u015b\u0107 odbieranych  satelit oraz za\u015bwieci si\u0119 dioda.<br><img loading=\"lazy\" decoding=\"async\" width=\"300\" height=\"249\" class=\"wp-image-312\" style=\"width: 300px;\" src=\"http:\/\/sq7hjb.pl\/wp-content\/uploads\/2020\/03\/gps3.jpg\" alt=\"\" srcset=\"http:\/\/sq7hjb.pl\/wp-content\/uploads\/2020\/03\/gps3.jpg 970w, http:\/\/sq7hjb.pl\/wp-content\/uploads\/2020\/03\/gps3-300x249.jpg 300w, http:\/\/sq7hjb.pl\/wp-content\/uploads\/2020\/03\/gps3-768x637.jpg 768w\" sizes=\"auto, (max-width: 300px) 100vw, 300px\" \/><\/p>\n\n\n\n<p class=\"has-text-align-left\">Przy u\u017cyciu enkoder oraz przycisku mo\u017cemy wej\u015b\u0107 w menu programu. Pierwsza opcja to wyb\u00f3r banku z cz\u0119stotliwo\u015bci\u0105. Do dyspozycji jest 5 pami\u0119ci.<br>Kolejna opcja to krok z jakim b\u0119dziemy zmienia\u0107 cz\u0119stotliwo\u015b\u0107. Warto\u015bci zmieniamy enkoderem i zatwierdzamy przyciskiem.<br><br><img loading=\"lazy\" decoding=\"async\" width=\"300\" height=\"267\" class=\"wp-image-318\" style=\"width: 300px;\" src=\"http:\/\/sq7hjb.pl\/wp-content\/uploads\/2020\/03\/gps6.jpg\" alt=\"\" srcset=\"http:\/\/sq7hjb.pl\/wp-content\/uploads\/2020\/03\/gps6.jpg 1246w, http:\/\/sq7hjb.pl\/wp-content\/uploads\/2020\/03\/gps6-300x267.jpg 300w, http:\/\/sq7hjb.pl\/wp-content\/uploads\/2020\/03\/gps6-1024x913.jpg 1024w, http:\/\/sq7hjb.pl\/wp-content\/uploads\/2020\/03\/gps6-768x685.jpg 768w\" sizes=\"auto, (max-width: 300px) 100vw, 300px\" \/><br>Po wybraniu kom\u00f3rki pami\u0119ci oraz kroku ustawiamy \u017c\u0105dan\u0105 cz\u0119stotliwo\u015b\u0107.<br><img loading=\"lazy\" decoding=\"async\" width=\"300\" height=\"273\" class=\"wp-image-314\" style=\"width: 300px;\" src=\"http:\/\/sq7hjb.pl\/wp-content\/uploads\/2020\/03\/gps7.jpg\" alt=\"\" srcset=\"http:\/\/sq7hjb.pl\/wp-content\/uploads\/2020\/03\/gps7.jpg 1195w, http:\/\/sq7hjb.pl\/wp-content\/uploads\/2020\/03\/gps7-300x273.jpg 300w, http:\/\/sq7hjb.pl\/wp-content\/uploads\/2020\/03\/gps7-1024x933.jpg 1024w, http:\/\/sq7hjb.pl\/wp-content\/uploads\/2020\/03\/gps7-768x700.jpg 768w\" sizes=\"auto, (max-width: 300px) 100vw, 300px\" \/><br>Nast\u0119pny ekran pokazuje ostatni\u0105 odchy\u0142k\u0119 cz\u0119stotliwo\u015bci. Zaraz po uruchomieniu mo\u017c ona wynosi\u0107 ponad 200Hz i jest korygowana w odst\u0119pach 44 sekund.<br><img loading=\"lazy\" decoding=\"async\" width=\"300\" height=\"280\" class=\"wp-image-315\" style=\"width: 300px;\" src=\"http:\/\/sq7hjb.pl\/wp-content\/uploads\/2020\/03\/gps8.jpg\" alt=\"\" srcset=\"http:\/\/sq7hjb.pl\/wp-content\/uploads\/2020\/03\/gps8.jpg 1195w, http:\/\/sq7hjb.pl\/wp-content\/uploads\/2020\/03\/gps8-300x280.jpg 300w, http:\/\/sq7hjb.pl\/wp-content\/uploads\/2020\/03\/gps8-1024x955.jpg 1024w, http:\/\/sq7hjb.pl\/wp-content\/uploads\/2020\/03\/gps8-768x716.jpg 768w\" sizes=\"auto, (max-width: 300px) 100vw, 300px\" \/><br>Do dyspozycji mamy jeszcze wyb\u00f3r strefy czasowej.<br><img loading=\"lazy\" decoding=\"async\" width=\"300\" height=\"276\" class=\"wp-image-316\" style=\"width: 300px;\" src=\"http:\/\/sq7hjb.pl\/wp-content\/uploads\/2020\/03\/gps9.jpg\" alt=\"\" srcset=\"http:\/\/sq7hjb.pl\/wp-content\/uploads\/2020\/03\/gps9.jpg 1180w, http:\/\/sq7hjb.pl\/wp-content\/uploads\/2020\/03\/gps9-300x276.jpg 300w, http:\/\/sq7hjb.pl\/wp-content\/uploads\/2020\/03\/gps9-1024x942.jpg 1024w, http:\/\/sq7hjb.pl\/wp-content\/uploads\/2020\/03\/gps9-768x706.jpg 768w\" sizes=\"auto, (max-width: 300px) 100vw, 300px\" \/><br>Po przej\u015bciu 2 lub 3 cykli 44 sekundowych stabilno\u015b\u0107 powinna by poni\u017cej 1 Hz.<br><img loading=\"lazy\" decoding=\"async\" width=\"300\" height=\"277\" class=\"wp-image-309\" style=\"width: 300px;\" src=\"http:\/\/sq7hjb.pl\/wp-content\/uploads\/2020\/03\/gps10.jpg\" alt=\"\" srcset=\"http:\/\/sq7hjb.pl\/wp-content\/uploads\/2020\/03\/gps10.jpg 1298w, http:\/\/sq7hjb.pl\/wp-content\/uploads\/2020\/03\/gps10-300x277.jpg 300w, http:\/\/sq7hjb.pl\/wp-content\/uploads\/2020\/03\/gps10-1024x946.jpg 1024w, http:\/\/sq7hjb.pl\/wp-content\/uploads\/2020\/03\/gps10-768x709.jpg 768w\" sizes=\"auto, (max-width: 300px) 100vw, 300px\" \/><\/p>\n\n\n\n<h3 class=\"wp-block-heading\">Uruchomienie w wersji bez wy\u015bwietlacza<\/h3>\n\n\n\n<p>W tej wersji nie ma zbyt wiele czynno\u015bci do wykonania. Po sprawdzeniu poprawno\u015bci monta\u017cu oraz po wgraniu softu, przy pomocy zwory wybieramy cz\u0119stotliwo\u015b\u0107 pracy uk\u0142adu. Pod\u0142\u0105czamy zasilanie. Przy pomocy miernika cz\u0119stotliwo\u015bci mo\u017cemy sprawdzi\u0107 generowan\u0105 cz\u0119stotliwo\u015b\u0107 na jednym z wyj\u015b\u0107. <br>Po kilku minutach (zimny start modu\u0142u gps) powinna pulsowa\u0107 na nim dioda oznaczaj\u0105ca 1pps. Od tego momentu po 2 minutach za\u015bwieci si\u0119 dioda oznaczaj\u0105c uzyskanie  dok\u0142adno\u015bci poni\u017cej 1Hz. Bez za\u0142o\u017conych zworek uk\u0142ad staruje na cz\u0119stotliwo\u015bci 10MHz. Pozosta\u0142e 3 cz\u0119stotliwo\u015bci wybieramy przy pomocy zworek.<\/p>\n\n\n\n<p class=\"has-text-color has-primary-color\"><strong>Wa\u017cne jest aby modu\u0142 gps mia\u0142 zapewniony dobry sygna\u0142. Zgubienie nawet 1 impulsu spowoduje wi\u0119kszy b\u0142\u0105d cz\u0119stotliwo\u015bci<\/strong>.<\/p>\n\n\n\n<h2 class=\"wp-block-heading\">SOFT<\/h2>\n\n\n\n<p>Dost\u0119pne s\u0105 dwie wersje softu. Pierwsza z obs\u0142ug\u0105 OLED-A, enkoder i zworek do ustawiania cz\u0119stotliwo\u015bci,. Druga tylko tylko obs\u0142uguje wyb\u00f3r cz\u0119stotliwo\u015bci przy pomocy zworek.<br>Sugeruj\u0119 wgranie pierwszej wersji, nawet je\u015bli nie b\u0119dziemy u\u017cywa\u0107 wy\u015bwietlacza i enkodera. Gdyby potrzebna by\u0142a zamiana to wystarczy tylko pod\u0142\u0105czy\u0107 wy\u015bwietlacz i enkoder.<br>W paczce do pobrania znajduj\u0105 si\u0119 dwa szkice  oraz biblioteki. Kompilacja i wgranie nie powinno by\u0107 problemowe. Na fotce poni\u017cej zaznaczy\u0142em miejsce, gdzie mo\u017cemy samodzielnie wpisa\u0107 cz\u0119stotliwo\u015bci wybierane przy pomocy zworek.<br><img loading=\"lazy\" decoding=\"async\" width=\"800\" height=\"1165\" class=\"wp-image-326\" style=\"width: 800px;\" src=\"http:\/\/sq7hjb.pl\/wp-content\/uploads\/2020\/03\/soft1.jpg\" alt=\"\" srcset=\"http:\/\/sq7hjb.pl\/wp-content\/uploads\/2020\/03\/soft1.jpg 553w, http:\/\/sq7hjb.pl\/wp-content\/uploads\/2020\/03\/soft1-206x300.jpg 206w\" sizes=\"auto, (max-width: 800px) 100vw, 800px\" \/><br><\/p>\n\n\n\n<p>Jak wspomnia\u0142em na pocz\u0105tku artyku\u0142u w porogamie jest 5 bank\u00f3w pami\u0119ci.<br>Mo\u017cemy cz\u0119stotliwo\u015bci wpisa\u0107 do szkicu(wygodniej ni\u017c przy pomocy przycisku i enkodera).<\/p>\n\n\n\n<p> Musimy pami\u0119ta\u0107, \u017ce cz\u0119stotliwo\u015bci podajemy w Hz <br>Wybrany fragment szkicu poni\u017cej.<\/p>\n\n\n\n<figure class=\"wp-block-image size-large\"><img loading=\"lazy\" decoding=\"async\" width=\"710\" height=\"731\" src=\"http:\/\/sq7hjb.pl\/wp-content\/uploads\/2020\/03\/soft2.jpg\" alt=\"\" class=\"wp-image-325\" srcset=\"http:\/\/sq7hjb.pl\/wp-content\/uploads\/2020\/03\/soft2.jpg 710w, http:\/\/sq7hjb.pl\/wp-content\/uploads\/2020\/03\/soft2-291x300.jpg 291w\" sizes=\"auto, (max-width: 710px) 100vw, 710px\" \/><\/figure>\n\n\n\n<p style=\"color:#ed4c4c\" class=\"has-text-color\"><strong>Teraz przy w\u0142\u0105czeniu zasilania nale\u017cy trzyma\u0107 wci\u015bni\u0119ty przycisk enkoder. Spowoduje to inicjalizacj\u0119 e-epromu i wpisanie cz\u0119stotliwo\u015bci do pami\u0119ci.<\/strong><\/p>\n\n\n\n<p><\/p>\n\n\n\n<h2 class=\"has-text-color wp-block-heading\" style=\"color:#10aef1\"><a rel=\"noreferrer noopener\" aria-label=\"Link o filmu na moim kanale YT. (otwiera si\u0119 na nowej zak\u0142adce)\" href=\"https:\/\/www.youtube.com\/watch?v=6OdWuNTZl4c\" target=\"_blank\"><strong>Link o filmu na moim kanale YT.<\/strong><\/a><\/h2>\n\n\n\n<p><\/p>\n\n\n\n<h3 class=\"wp-block-heading\"><a rel=\"noreferrer noopener\" aria-label=\"Do pobrania szkice oraz biblioteki. (otwiera si\u0119 na nowej zak\u0142adce)\" href=\"http:\/\/sq7hjb.pl\/wp-content\/uploads\/2020\/03\/mini_gpsdo.zip\" target=\"_blank\"><strong>Do pobrania szkice oraz biblioteki.<\/strong><\/a><\/h3>\n\n\n\n<p><\/p>\n\n\n\n<h3 class=\"wp-block-heading\"><strong>Dost\u0119pne s\u0105 r\u00f3wnie\u017c zestawy do monta\u017cu.<\/strong><br><a href=\"https:\/\/radiohobby.pl\/projekty\/gpsdo-z-si5351-generator-czestotliwosci\/\" target=\"_blank\" rel=\"noreferrer noopener\" aria-label=\"\ufffc (otwiera si\u0119 na nowej zak\u0142adce)\"><img loading=\"lazy\" decoding=\"async\" width=\"300\" height=\"67\" class=\"wp-image-391\" style=\"width: 300px;\" src=\"http:\/\/sq7hjb.pl\/wp-content\/uploads\/2020\/03\/radiohobby.jpg\" alt=\"\"><\/a><\/h3>\n\n\n\n<p><\/p>\n\n\n\n<p class=\"has-text-color has-primary-color\"><strong>Huta D\u0142utowska 25.03.2020<\/strong><\/p>\n","protected":false},"excerpt":{"rendered":"<p>Generator cz\u0119stotliwo\u015bci na SI5351 synchronizowany sygna\u0142em 1pps z GPS-a. Projekt wzorowany na artykule W3PM oraz SQ1GU z drobnymi zmianami w<\/p>\n","protected":false},"author":1,"featured_media":0,"parent":0,"menu_order":0,"comment_status":"closed","ping_status":"closed","template":"","meta":{"footnotes":""},"class_list":["post-289","page","type-page","status-publish","hentry","comments-off"],"_links":{"self":[{"href":"http:\/\/sq7hjb.pl\/index.php\/wp-json\/wp\/v2\/pages\/289","targetHints":{"allow":["GET"]}}],"collection":[{"href":"http:\/\/sq7hjb.pl\/index.php\/wp-json\/wp\/v2\/pages"}],"about":[{"href":"http:\/\/sq7hjb.pl\/index.php\/wp-json\/wp\/v2\/types\/page"}],"author":[{"embeddable":true,"href":"http:\/\/sq7hjb.pl\/index.php\/wp-json\/wp\/v2\/users\/1"}],"replies":[{"embeddable":true,"href":"http:\/\/sq7hjb.pl\/index.php\/wp-json\/wp\/v2\/comments?post=289"}],"version-history":[{"count":15,"href":"http:\/\/sq7hjb.pl\/index.php\/wp-json\/wp\/v2\/pages\/289\/revisions"}],"predecessor-version":[{"id":392,"href":"http:\/\/sq7hjb.pl\/index.php\/wp-json\/wp\/v2\/pages\/289\/revisions\/392"}],"wp:attachment":[{"href":"http:\/\/sq7hjb.pl\/index.php\/wp-json\/wp\/v2\/media?parent=289"}],"curies":[{"name":"wp","href":"https:\/\/api.w.org\/{rel}","templated":true}]}}