{"id":232,"date":"2020-03-17T09:24:14","date_gmt":"2020-03-17T08:24:14","guid":{"rendered":"http:\/\/sq7hjb.pl\/?page_id=232"},"modified":"2020-03-17T09:31:34","modified_gmt":"2020-03-17T08:31:34","slug":"zeta-sdr","status":"publish","type":"page","link":"http:\/\/sq7hjb.pl\/index.php\/zeta-sdr\/","title":{"rendered":"Zeta SDR"},"content":{"rendered":"\n<p>Jest to bardzo prosty uk\u0142ad odbiornika SDR. Idealny do  wykonania aby zapozna\u0107 si\u0119 z technik\u0105 SDR. Wprowadzi\u0142em kilka drobnych  zmian. Generator kwarcowy, zasilanie 12V dla wzmacniacza operacyjnego.  Uk\u0142ad LM358 zamieni\u0142em na NE5532.<\/p>\n\n\n\n<figure class=\"wp-block-image size-large\"><img loading=\"lazy\" decoding=\"async\" width=\"1024\" height=\"714\" src=\"http:\/\/sq7hjb.pl\/wp-content\/uploads\/2020\/03\/zetsdr.jpg\" alt=\"\" class=\"wp-image-235\" srcset=\"http:\/\/sq7hjb.pl\/wp-content\/uploads\/2020\/03\/zetsdr.jpg 1024w, http:\/\/sq7hjb.pl\/wp-content\/uploads\/2020\/03\/zetsdr-300x209.jpg 300w, http:\/\/sq7hjb.pl\/wp-content\/uploads\/2020\/03\/zetsdr-768x536.jpg 768w\" sizes=\"auto, (max-width: 1024px) 100vw, 1024px\" \/><\/figure>\n\n\n\n<p>W czasie uruchamiania dobra\u0142em kondensatory 22nF oraz  330pF, rezystory zastosowa\u0142em 1% metalizowane. Uk\u0142ad wsp\u00f3\u0142pracowa\u0142 z  kwarcami 28,5MHz dla pasma 40m oraz 14,95MHz dla pasma 80m.<\/p>\n\n\n\n<figure class=\"wp-block-image size-large\"><img loading=\"lazy\" decoding=\"async\" width=\"800\" height=\"734\" src=\"http:\/\/sq7hjb.pl\/wp-content\/uploads\/2020\/03\/zeta1.jpg\" alt=\"\" class=\"wp-image-234\" srcset=\"http:\/\/sq7hjb.pl\/wp-content\/uploads\/2020\/03\/zeta1.jpg 800w, http:\/\/sq7hjb.pl\/wp-content\/uploads\/2020\/03\/zeta1-300x275.jpg 300w, http:\/\/sq7hjb.pl\/wp-content\/uploads\/2020\/03\/zeta1-768x705.jpg 768w\" sizes=\"auto, (max-width: 800px) 100vw, 800px\" \/><\/figure>\n\n\n\n<p>Monta\u017c warto rozpocz\u0105\u0107 od wlutowania zw\u00f3r, podstawek pod  uk\u0142ady scalone, nast\u0119pnie stabilizatory, kondensatory elektrolityczne i  goldpiny. Teraz mo\u017cna sprawdzi\u0107 czy mamy poprawnie zamontowane  stabilizatory kontroluj\u0105c napi\u0119cia w podstawkach uk\u0142ad\u00f3w scalonych.  Tylko przy NE5532 powinno by\u0107 +12V, pozosta\u0142e uk\u0142ady +5V. Nast\u0119pnie  mo\u017cna uruchomi\u0107 generator kwarcowy na tranzystorze T1. Odczytan\u0105  cz\u0119stotliwo\u015b\u0107 podzieli\u0107 przez 4. B\u0119dzie to cz\u0119stotliwo\u015b\u0107 oscylatora  lokalnego, kt\u00f3r\u0105 mo\u017cna wpisa\u0107 w odpowiednie okna program\u00f3w odbiorczych.  Dzi\u0119ki temu b\u0119dziemy zna\u0107 aktualnie odbieran\u0105 cz\u0119stotliwo\u015b\u0107. Pozosta\u0142e  elementy w dowolnej kolejno\u015bci. Nale\u017cy zwr\u00f3ci\u0107 uwag\u0119 w czasie lutowania  aby nie zewrze\u0107 s\u0105siednich blisko przebiegaj\u0105cych \u015bcie\u017cek. Szczeg\u00f3lnie w  okolicach uk\u0142adu 74HC4052.<br> A teraz ma\u0142y bana\u0142. Uk\u0142ad startuje od pierwszego razu. Nie wymaga  regulacji. Zakres odbioru zale\u017cy od mo\u017cliwo\u015bci posiadanej karty  d\u017awi\u0119kowej. U mnie odbiornik sprawdza\u0142em z programami Rocky, GSDR,  PowerSDR, HDSDR, SharpSDR.<\/p>\n\n\n\n<p><a href=\"http:\/\/www.qrz.lt\/ly1gp\/SDR\/\" target=\"_blank\" rel=\"noreferrer noopener\">Link do strony autora projektu<\/a><\/p>\n\n\n\n<p><a href=\"http:\/\/www.youtube.com\/watch?v=tsx5UPPkQxQ&amp;feature=c4-overview&amp;list=UUDvfG5bzdYmkg3S0af0J6iQ\" target=\"_blank\" rel=\"noreferrer noopener\"> Link do filmu pokazuj\u0105cego dzia\u0142anie odbiornika \u2013 1<\/a><\/p>\n\n\n\n<p><a href=\"http:\/\/www.youtube.com\/watch?v=xHC49bdxz8g&amp;feature=c4-overview&amp;list=UUDvfG5bzdYmkg3S0af0J6iQ\" target=\"_blank\" rel=\"noreferrer noopener\"> Link do filmu pokazuj\u0105cego dzia\u0142anie odbiornika \u2013 2<\/a><\/p>\n\n\n\n<p>Wykona\u0142em r\u00f3wnie\u017c odbiornik na fabrycznej pcb.<\/p>\n\n\n\n<figure class=\"wp-block-image size-large\"><img loading=\"lazy\" decoding=\"async\" width=\"1024\" height=\"832\" src=\"http:\/\/sq7hjb.pl\/wp-content\/uploads\/2020\/03\/DSC07827-1.jpg\" alt=\"\" class=\"wp-image-240\" srcset=\"http:\/\/sq7hjb.pl\/wp-content\/uploads\/2020\/03\/DSC07827-1.jpg 1024w, http:\/\/sq7hjb.pl\/wp-content\/uploads\/2020\/03\/DSC07827-1-300x244.jpg 300w, http:\/\/sq7hjb.pl\/wp-content\/uploads\/2020\/03\/DSC07827-1-768x624.jpg 768w\" sizes=\"auto, (max-width: 1024px) 100vw, 1024px\" \/><\/figure>\n\n\n\n<figure class=\"wp-block-image size-large\"><img loading=\"lazy\" decoding=\"async\" width=\"1024\" height=\"773\" src=\"http:\/\/sq7hjb.pl\/wp-content\/uploads\/2020\/03\/zetasdr1-1024x773.jpg\" alt=\"\" class=\"wp-image-241\" srcset=\"http:\/\/sq7hjb.pl\/wp-content\/uploads\/2020\/03\/zetasdr1-1024x773.jpg 1024w, http:\/\/sq7hjb.pl\/wp-content\/uploads\/2020\/03\/zetasdr1-300x226.jpg 300w, http:\/\/sq7hjb.pl\/wp-content\/uploads\/2020\/03\/zetasdr1-768x580.jpg 768w, http:\/\/sq7hjb.pl\/wp-content\/uploads\/2020\/03\/zetasdr1-1536x1160.jpg 1536w, http:\/\/sq7hjb.pl\/wp-content\/uploads\/2020\/03\/zetasdr1.jpg 2040w\" sizes=\"auto, (max-width: 1024px) 100vw, 1024px\" \/><\/figure>\n\n\n\n<p class=\"has-text-color has-primary-color\"><strong>Huta D\u0142utowska 26.04.2014<\/strong><br>aktualizacja 17.03.2020<\/p>\n","protected":false},"excerpt":{"rendered":"<p>Jest to bardzo prosty uk\u0142ad odbiornika SDR. Idealny do wykonania aby zapozna\u0107 si\u0119 z technik\u0105 SDR. Wprowadzi\u0142em kilka drobnych zmian.<\/p>\n","protected":false},"author":1,"featured_media":0,"parent":0,"menu_order":0,"comment_status":"closed","ping_status":"closed","template":"","meta":{"footnotes":""},"class_list":["post-232","page","type-page","status-publish","hentry","comments-off"],"_links":{"self":[{"href":"http:\/\/sq7hjb.pl\/index.php\/wp-json\/wp\/v2\/pages\/232","targetHints":{"allow":["GET"]}}],"collection":[{"href":"http:\/\/sq7hjb.pl\/index.php\/wp-json\/wp\/v2\/pages"}],"about":[{"href":"http:\/\/sq7hjb.pl\/index.php\/wp-json\/wp\/v2\/types\/page"}],"author":[{"embeddable":true,"href":"http:\/\/sq7hjb.pl\/index.php\/wp-json\/wp\/v2\/users\/1"}],"replies":[{"embeddable":true,"href":"http:\/\/sq7hjb.pl\/index.php\/wp-json\/wp\/v2\/comments?post=232"}],"version-history":[{"count":5,"href":"http:\/\/sq7hjb.pl\/index.php\/wp-json\/wp\/v2\/pages\/232\/revisions"}],"predecessor-version":[{"id":242,"href":"http:\/\/sq7hjb.pl\/index.php\/wp-json\/wp\/v2\/pages\/232\/revisions\/242"}],"wp:attachment":[{"href":"http:\/\/sq7hjb.pl\/index.php\/wp-json\/wp\/v2\/media?parent=232"}],"curies":[{"name":"wp","href":"https:\/\/api.w.org\/{rel}","templated":true}]}}