{"id":184,"date":"2020-03-17T08:17:35","date_gmt":"2020-03-17T07:17:35","guid":{"rendered":"http:\/\/sq7hjb.pl\/?page_id=184"},"modified":"2020-03-17T08:17:35","modified_gmt":"2020-03-17T07:17:35","slug":"modul-z-ukladem-si5351","status":"publish","type":"page","link":"http:\/\/sq7hjb.pl\/index.php\/modul-z-ukladem-si5351\/","title":{"rendered":"Modu\u0142 z uk\u0142adem SI5351"},"content":{"rendered":"\n<p> W ostatnim czasie uk\u0142ad Si5351 zyska\u0142 ogromn\u0105 popularno\u015b\u0107 jako vfo w  uk\u0142adach dla radioamator\u00f3w. Trzy nie zale\u017cne wyj\u015bcia generuj\u0105ce od 8 kHz  do 160Mhz\u00a0 \u2013 to naprawd\u0119 imponuje.<br> Jedn\u0105 malutk\u0105 wad\u0105 mo\u017ce by\u0107 wielko\u015b\u0107 uk\u0142adu scalonego (MSOP10). Modu\u0142\u00a0  powsta\u0142\u00a0 z my\u015bl\u0105 o u\u0142atwieniu monta\u017cu. Na pok\u0142adzie ma translator  poziom\u00f3w I2C. Mo\u017ce wsp\u00f3\u0142pracowa\u0107 w zakresie napi\u0119\u0107 3,3-5V.Wymiary pcb  to\u00a0 18 x 25 mm. W pierwszej wersji modu\u0142 by\u0142 jeszcze mniejszy 18x18mm. <\/p>\n\n\n\n<figure class=\"wp-block-image size-large\"><img loading=\"lazy\" decoding=\"async\" width=\"930\" height=\"1024\" src=\"http:\/\/sq7hjb.pl\/wp-content\/uploads\/2020\/03\/msi-930x1024-1.jpg\" alt=\"\" class=\"wp-image-181\" srcset=\"http:\/\/sq7hjb.pl\/wp-content\/uploads\/2020\/03\/msi-930x1024-1.jpg 930w, http:\/\/sq7hjb.pl\/wp-content\/uploads\/2020\/03\/msi-930x1024-1-272x300.jpg 272w, http:\/\/sq7hjb.pl\/wp-content\/uploads\/2020\/03\/msi-930x1024-1-768x846.jpg 768w\" sizes=\"auto, (max-width: 930px) 100vw, 930px\" \/><\/figure>\n\n\n\n<p> Zdecydowa\u0142em si\u0119 go odrobink\u0119 powi\u0119kszy\u0107 do wymiaru 18x25mm. Przenios\u0142em  wszystkie elementy na jedn\u0105 stron\u0119 pcb. Pozwoli\u0142o to obni\u017cy\u0107 koszt  wyprodukowania. <\/p>\n\n\n\n<figure class=\"wp-block-image size-large\"><img loading=\"lazy\" decoding=\"async\" width=\"1024\" height=\"682\" src=\"http:\/\/sq7hjb.pl\/wp-content\/uploads\/2020\/03\/msi1-1024x682-1.jpg\" alt=\"\" class=\"wp-image-183\" srcset=\"http:\/\/sq7hjb.pl\/wp-content\/uploads\/2020\/03\/msi1-1024x682-1.jpg 1024w, http:\/\/sq7hjb.pl\/wp-content\/uploads\/2020\/03\/msi1-1024x682-1-300x200.jpg 300w, http:\/\/sq7hjb.pl\/wp-content\/uploads\/2020\/03\/msi1-1024x682-1-768x512.jpg 768w\" sizes=\"auto, (max-width: 1024px) 100vw, 1024px\" \/><\/figure>\n\n\n\n<p>Prototyp ruszy\u0142 i mo\u017cna by\u0142o dokumentacj\u0119 wys\u0142a\u0107 do fabryki.<\/p>\n\n\n\n<p><strong>Specyfikacja:&nbsp;<\/strong><\/p>\n\n\n\n<p>\u2013 zakres generowanych sygna\u0142\u00f3w 8 kHz \u2013 160 MHz<\/p>\n\n\n\n<p>\u2013 3 niezale\u017cne wyj\u015bcia generowanych sygna\u0142\u00f3w<\/p>\n\n\n\n<p>\u2013 napi\u0119cie zasilania 3.3 V \u2013 5.0 V<\/p>\n\n\n\n<p>\u2013 komunikacja: magistrala I2C (z translatorem poziom\u00f3w 3.3 V \u2013 5.0V)<\/p>\n\n\n\n<p>\u2013 z\u0142\u0105cza w rastrze 2.54 mm przygotowane pod listw\u0119 goldpin ( do samodzielnego wlutowania w zestawie)<\/p>\n\n\n\n<p>\u2013 wymiary modu\u0142u: 24 mm x 18 mm<\/p>\n\n\n\n<figure class=\"wp-block-image size-large\"><img loading=\"lazy\" decoding=\"async\" width=\"1024\" height=\"749\" src=\"http:\/\/sq7hjb.pl\/wp-content\/uploads\/2020\/03\/msi2-1024x749-1.jpg\" alt=\"\" class=\"wp-image-182\" srcset=\"http:\/\/sq7hjb.pl\/wp-content\/uploads\/2020\/03\/msi2-1024x749-1.jpg 1024w, http:\/\/sq7hjb.pl\/wp-content\/uploads\/2020\/03\/msi2-1024x749-1-300x219.jpg 300w, http:\/\/sq7hjb.pl\/wp-content\/uploads\/2020\/03\/msi2-1024x749-1-768x562.jpg 768w\" sizes=\"auto, (max-width: 1024px) 100vw, 1024px\" \/><\/figure>\n\n\n\n<p> Poni\u017cej na fotkach pcb analizatora antenowego EU1KY zaprojektowana do wsp\u00f3\u0142pracy z  modu\u0142em &#8211; weersja testowa.<\/p>\n\n\n\n<figure class=\"wp-block-image size-large\"><img loading=\"lazy\" decoding=\"async\" width=\"993\" height=\"1024\" src=\"http:\/\/sq7hjb.pl\/wp-content\/uploads\/2020\/03\/DSC07643-993x1024-1.jpg\" alt=\"\" class=\"wp-image-185\" srcset=\"http:\/\/sq7hjb.pl\/wp-content\/uploads\/2020\/03\/DSC07643-993x1024-1.jpg 993w, http:\/\/sq7hjb.pl\/wp-content\/uploads\/2020\/03\/DSC07643-993x1024-1-291x300.jpg 291w, http:\/\/sq7hjb.pl\/wp-content\/uploads\/2020\/03\/DSC07643-993x1024-1-768x792.jpg 768w\" sizes=\"auto, (max-width: 993px) 100vw, 993px\" \/><\/figure>\n\n\n\n<p>A tu ju\u017c fabryczna.<\/p>\n\n\n\n<figure class=\"wp-block-image size-large\"><img loading=\"lazy\" decoding=\"async\" width=\"1024\" height=\"715\" src=\"http:\/\/sq7hjb.pl\/wp-content\/uploads\/2020\/03\/DSC07725-1024x715-1.jpg\" alt=\"\" class=\"wp-image-186\" srcset=\"http:\/\/sq7hjb.pl\/wp-content\/uploads\/2020\/03\/DSC07725-1024x715-1.jpg 1024w, http:\/\/sq7hjb.pl\/wp-content\/uploads\/2020\/03\/DSC07725-1024x715-1-300x209.jpg 300w, http:\/\/sq7hjb.pl\/wp-content\/uploads\/2020\/03\/DSC07725-1024x715-1-768x536.jpg 768w\" sizes=\"auto, (max-width: 1024px) 100vw, 1024px\" \/><\/figure>\n\n\n\n<p class=\"has-text-color has-background has-primary-color has-white-background-color\"><strong>Huta D\u0142utowska 20.11.2017<\/strong><\/p>\n\n\n\n<p class=\"has-text-color has-background has-primary-color has-white-background-color\">aktualizacja 17.03.2020<\/p>\n\n\n\n<p><\/p>\n","protected":false},"excerpt":{"rendered":"<p>W ostatnim czasie uk\u0142ad Si5351 zyska\u0142 ogromn\u0105 popularno\u015b\u0107 jako vfo w uk\u0142adach dla radioamator\u00f3w. Trzy nie zale\u017cne wyj\u015bcia generuj\u0105ce od<\/p>\n","protected":false},"author":1,"featured_media":0,"parent":0,"menu_order":0,"comment_status":"closed","ping_status":"closed","template":"","meta":{"footnotes":""},"class_list":["post-184","page","type-page","status-publish","hentry","comments-off"],"_links":{"self":[{"href":"http:\/\/sq7hjb.pl\/index.php\/wp-json\/wp\/v2\/pages\/184","targetHints":{"allow":["GET"]}}],"collection":[{"href":"http:\/\/sq7hjb.pl\/index.php\/wp-json\/wp\/v2\/pages"}],"about":[{"href":"http:\/\/sq7hjb.pl\/index.php\/wp-json\/wp\/v2\/types\/page"}],"author":[{"embeddable":true,"href":"http:\/\/sq7hjb.pl\/index.php\/wp-json\/wp\/v2\/users\/1"}],"replies":[{"embeddable":true,"href":"http:\/\/sq7hjb.pl\/index.php\/wp-json\/wp\/v2\/comments?post=184"}],"version-history":[{"count":1,"href":"http:\/\/sq7hjb.pl\/index.php\/wp-json\/wp\/v2\/pages\/184\/revisions"}],"predecessor-version":[{"id":187,"href":"http:\/\/sq7hjb.pl\/index.php\/wp-json\/wp\/v2\/pages\/184\/revisions\/187"}],"wp:attachment":[{"href":"http:\/\/sq7hjb.pl\/index.php\/wp-json\/wp\/v2\/media?parent=184"}],"curies":[{"name":"wp","href":"https:\/\/api.w.org\/{rel}","templated":true}]}}