{"id":102,"date":"2020-03-11T07:53:10","date_gmt":"2020-03-11T06:53:10","guid":{"rendered":"http:\/\/sq7hjb.pl\/?page_id=102"},"modified":"2020-03-17T09:22:06","modified_gmt":"2020-03-17T08:22:06","slug":"trx-homodynowy-w-g-us5msq","status":"publish","type":"page","link":"http:\/\/sq7hjb.pl\/index.php\/trx-homodynowy-w-g-us5msq\/","title":{"rendered":"TRX homodynowy w\/g US5MSQ"},"content":{"rendered":"\n<p>Zainteresowa\u0142em si\u0119 tym trx-em czytaj\u0105c opinie na forum sp-hm,  nast\u0119pnie artyku\u0142 w \u015awiat Radio spowodowa\u0142, \u017ce uleg\u0142em pokusie wykonania  tej homodynki. Opisy m\u00f3wi\u0105, \u017ce jest to urz\u0105dzenie por\u00f3wnywalne z  PILIGRIMEM. Odrobin\u0119 s\u0142abiej wypada na pomiarach. Natomiast przy  ods\u0142uchu ci\u0119\u017cko odczu\u0107 r\u00f3\u017cnic\u0119.No c\u00f3\u017c trzeba sprawdzi\u0107 to samemu.  Wyprasowa\u0142em p\u0142ytk\u0119, wywierci\u0142em tysi\u0105ce otwork\u00f3w a nast\u0119pnie trzeba je  fazowa\u0107. Jak wida\u0107 p\u0142ytka jest dwustronna, gdzie jedna ze stron stanowi  mas\u0119. Wykonanie pcb w domu jest pracoch\u0142onne ale znacznie ogranicza  koszty.<\/p>\n\n\n\n<figure class=\"wp-block-image size-large is-resized\"><img decoding=\"async\" src=\"http:\/\/sq7hjb.pl\/wp-content\/uploads\/2020\/03\/us5msq-1.jpg\" alt=\"\" class=\"wp-image-223\" width=\"1024\" srcset=\"http:\/\/sq7hjb.pl\/wp-content\/uploads\/2020\/03\/us5msq-1.jpg 640w, http:\/\/sq7hjb.pl\/wp-content\/uploads\/2020\/03\/us5msq-1-300x243.jpg 300w\" sizes=\"(max-width: 640px) 100vw, 640px\" \/><\/figure>\n\n\n\n<figure class=\"wp-block-image size-large is-resized\"><img decoding=\"async\" src=\"http:\/\/sq7hjb.pl\/wp-content\/uploads\/2020\/03\/us5msq-2.jpg\" alt=\"\" class=\"wp-image-213\" width=\"1024\" srcset=\"http:\/\/sq7hjb.pl\/wp-content\/uploads\/2020\/03\/us5msq-2.jpg 640w, http:\/\/sq7hjb.pl\/wp-content\/uploads\/2020\/03\/us5msq-2-300x235.jpg 300w\" sizes=\"(max-width: 640px) 100vw, 640px\" \/><\/figure>\n\n\n\n<p>Kolejny etap to wlutowanie zw\u00f3r(16szt.) oraz d\u0142awika. Nale\u017cy  dok\u0142adnie sprawdzi\u0107 czy \u017cadna z nich nie robi zwarcia do masy p\u0142ytki.<\/p>\n\n\n\n<figure class=\"wp-block-image size-large is-resized\"><img decoding=\"async\" src=\"http:\/\/sq7hjb.pl\/wp-content\/uploads\/2020\/03\/us5msq-3.jpg\" alt=\"us5msq pcb\" class=\"wp-image-214\" width=\"1024\" srcset=\"http:\/\/sq7hjb.pl\/wp-content\/uploads\/2020\/03\/us5msq-3.jpg 800w, http:\/\/sq7hjb.pl\/wp-content\/uploads\/2020\/03\/us5msq-3-300x276.jpg 300w, http:\/\/sq7hjb.pl\/wp-content\/uploads\/2020\/03\/us5msq-3-768x706.jpg 768w\" sizes=\"(max-width: 800px) 100vw, 800px\" \/><\/figure>\n\n\n\n<p>Nast\u0119pnie podstawki po uk\u0142ady scalone i stabilizatory. Po wlutowaniu  stabilizator\u00f3w mo\u017cemy sprawdzi napi\u0119cia zasilaj\u0105ce uk\u0142ad\u00f3w scalonych.  Je\u017celi wszystko jest OK to na 14 n\u00f3\u017ckach DD1, DD3 oraz na d\u0142awiku 100uH  jest +6V, a na DD4-DD7 oraz DA2-DA10 odpowiednio na 14 lub 8 n\u00f3\u017ckach  jest +9V. Wzmacniacz m. cz. DA1 jest zasilany bezpo\u015brednio z +13,8V<\/p>\n\n\n\n<figure class=\"wp-block-image size-large is-resized\"><img decoding=\"async\" src=\"http:\/\/sq7hjb.pl\/wp-content\/uploads\/2020\/03\/us5msq-4.jpg\" alt=\"us5msq pcb1\" class=\"wp-image-215\" width=\"1024\" srcset=\"http:\/\/sq7hjb.pl\/wp-content\/uploads\/2020\/03\/us5msq-4.jpg 800w, http:\/\/sq7hjb.pl\/wp-content\/uploads\/2020\/03\/us5msq-4-300x281.jpg 300w, http:\/\/sq7hjb.pl\/wp-content\/uploads\/2020\/03\/us5msq-4-768x720.jpg 768w\" sizes=\"(max-width: 800px) 100vw, 800px\" \/><\/figure>\n\n\n\n<p>Poniewa\u017c p\u0142ytka jest dwustronna i jedna ze stron stanowi mas\u0119  (strona element\u00f3w) to wyprowadzenia element\u00f3w po\u0142\u0105czone z mas\u0105 skracamy i  lutujemy z jednej strony do pcb a pozosta\u0142e wyprowadzenia przechodz\u0105 na  drug\u0105 stron\u0119 (strona \u015bcie\u017cek) przez fazowane otwory. Wida\u0107 to poni\u017cej  na przyk\u0142adzie podstawek pod uk\u0142ady scalone. zastosowanie podstawek  precyzyjnych pozwala na bezproblemowy monta\u017c i lutowanie. Wystarczy  skr\u00f3ci\u0107 wyprowadzenie podstawki (cienk\u0105 cz\u0119\u015b\u0107) i wlutowa\u0107. mam y wtedy  dobre doj\u015bcie do punkt\u00f3w lutowniczych z ka\u017cdej strony. Przedstawiaj\u0105 to  fotki poni\u017cej.<\/p>\n\n\n\n<figure class=\"wp-block-image size-large is-resized\"><img decoding=\"async\" src=\"http:\/\/sq7hjb.pl\/wp-content\/uploads\/2020\/03\/us5msq-5.jpg\" alt=\"\" class=\"wp-image-216\" width=\"1024\" srcset=\"http:\/\/sq7hjb.pl\/wp-content\/uploads\/2020\/03\/us5msq-5.jpg 800w, http:\/\/sq7hjb.pl\/wp-content\/uploads\/2020\/03\/us5msq-5-300x250.jpg 300w, http:\/\/sq7hjb.pl\/wp-content\/uploads\/2020\/03\/us5msq-5-768x640.jpg 768w\" sizes=\"(max-width: 800px) 100vw, 800px\" \/><\/figure>\n\n\n\n<figure class=\"wp-block-image size-large is-resized\"><img decoding=\"async\" src=\"http:\/\/sq7hjb.pl\/wp-content\/uploads\/2020\/03\/us5msq-6.jpg\" alt=\"\" class=\"wp-image-217\" width=\"1024\" srcset=\"http:\/\/sq7hjb.pl\/wp-content\/uploads\/2020\/03\/us5msq-6.jpg 800w, http:\/\/sq7hjb.pl\/wp-content\/uploads\/2020\/03\/us5msq-6-248x300.jpg 248w, http:\/\/sq7hjb.pl\/wp-content\/uploads\/2020\/03\/us5msq-6-768x928.jpg 768w\" sizes=\"(max-width: 800px) 100vw, 800px\" \/><\/figure>\n\n\n\n<p class=\"has-text-color has-primary-color\">Teraz mia\u0142 by\u0107 uruchamiany wzmacniacz m. cz. . Zdecydowa\u0142em jednak na wlutowanie diod. Nale\u017cy zwr\u00f3ci\u0107 szczeg\u00f3ln\u0105 uwag\u0119 gdy\u017c rosyjskie diody maj\u0105 paskiem oznaczon\u0105 anod\u0119. Korzystaj\u0105c ze schematu wlutowa\u0142em diody 1N4148 \u2013 20szt.<\/p>\n\n\n\n<figure class=\"wp-block-image size-large is-resized\"><img decoding=\"async\" src=\"http:\/\/sq7hjb.pl\/wp-content\/uploads\/2020\/03\/us5msq-7.jpg\" alt=\"\" class=\"wp-image-218\" width=\"1024\" srcset=\"http:\/\/sq7hjb.pl\/wp-content\/uploads\/2020\/03\/us5msq-7.jpg 800w, http:\/\/sq7hjb.pl\/wp-content\/uploads\/2020\/03\/us5msq-7-300x132.jpg 300w, http:\/\/sq7hjb.pl\/wp-content\/uploads\/2020\/03\/us5msq-7-768x338.jpg 768w\" sizes=\"(max-width: 800px) 100vw, 800px\" \/><\/figure>\n\n\n\n<p>P\u0142ytka jest jeszcze ma\u0142o obsadzona wi\u0119c wlutuj\u0119 tranzystory polowe.  Zastosuj\u0119 j310. Oczywi\u015bcie trzeba por\u00f3wna\u0107 pcb ze schematem, \u017ceby  tranzystory prawid\u0142owo wlutowa\u0107. Troszk\u0119 czasu up\u0142yn\u0119\u0142o a moja wersja  trx-a US5MSQ ju\u017c dzia\u0142a. Poni\u017cej kilka nowych fotek. Uk\u0142ad uruchomi\u0142 si\u0119  od pierwszego w\u0142\u0105czenia. Przedwzmacniacz mikrofonowy mo\u017cna  indywidualnie dostroi\u0107 do swoich upodoba\u0144 rezystorem R162(wzmocnienie) oraz R166(napi\u0119cia na wk\u0142adce mikrofonowej oko\u0142o 3V).<\/p>\n\n\n\n<figure class=\"wp-block-image size-large is-resized\"><img decoding=\"async\" src=\"http:\/\/sq7hjb.pl\/wp-content\/uploads\/2020\/03\/us5msq-8.jpg\" alt=\"\" class=\"wp-image-212\" width=\"1024\" srcset=\"http:\/\/sq7hjb.pl\/wp-content\/uploads\/2020\/03\/us5msq-8.jpg 800w, http:\/\/sq7hjb.pl\/wp-content\/uploads\/2020\/03\/us5msq-8-300x225.jpg 300w, http:\/\/sq7hjb.pl\/wp-content\/uploads\/2020\/03\/us5msq-8-768x576.jpg 768w, http:\/\/sq7hjb.pl\/wp-content\/uploads\/2020\/03\/us5msq-8-600x450.jpg 600w\" sizes=\"(max-width: 800px) 100vw, 800px\" \/><\/figure>\n\n\n\n<figure class=\"wp-block-image size-large is-resized\"><img decoding=\"async\" src=\"http:\/\/sq7hjb.pl\/wp-content\/uploads\/2020\/03\/us5msq-9.jpg\" alt=\"\" class=\"wp-image-220\" width=\"1024\" srcset=\"http:\/\/sq7hjb.pl\/wp-content\/uploads\/2020\/03\/us5msq-9.jpg 800w, http:\/\/sq7hjb.pl\/wp-content\/uploads\/2020\/03\/us5msq-9-300x225.jpg 300w, http:\/\/sq7hjb.pl\/wp-content\/uploads\/2020\/03\/us5msq-9-768x576.jpg 768w, http:\/\/sq7hjb.pl\/wp-content\/uploads\/2020\/03\/us5msq-9-600x450.jpg 600w\" sizes=\"(max-width: 800px) 100vw, 800px\" \/><\/figure>\n\n\n\n<figure class=\"wp-block-image size-large is-resized\"><img decoding=\"async\" src=\"http:\/\/sq7hjb.pl\/wp-content\/uploads\/2020\/03\/us5msq-10.jpg\" alt=\"\" class=\"wp-image-221\" width=\"1023\" srcset=\"http:\/\/sq7hjb.pl\/wp-content\/uploads\/2020\/03\/us5msq-10.jpg 800w, http:\/\/sq7hjb.pl\/wp-content\/uploads\/2020\/03\/us5msq-10-300x225.jpg 300w, http:\/\/sq7hjb.pl\/wp-content\/uploads\/2020\/03\/us5msq-10-768x576.jpg 768w, http:\/\/sq7hjb.pl\/wp-content\/uploads\/2020\/03\/us5msq-10-600x450.jpg 600w\" sizes=\"(max-width: 800px) 100vw, 800px\" \/><\/figure>\n\n\n\n<figure class=\"wp-block-image size-large is-resized\"><img loading=\"lazy\" decoding=\"async\" src=\"http:\/\/sq7hjb.pl\/wp-content\/uploads\/2020\/03\/us5msq-11.jpg\" alt=\"\" class=\"wp-image-222\" width=\"1020\" height=\"939\" srcset=\"http:\/\/sq7hjb.pl\/wp-content\/uploads\/2020\/03\/us5msq-11.jpg 1024w, http:\/\/sq7hjb.pl\/wp-content\/uploads\/2020\/03\/us5msq-11-300x277.jpg 300w, http:\/\/sq7hjb.pl\/wp-content\/uploads\/2020\/03\/us5msq-11-768x708.jpg 768w\" sizes=\"auto, (max-width: 1020px) 100vw, 1020px\" \/><\/figure>\n\n\n\n<p>Por\u00f3wnywa\u0142em trx w\/g US5MSQ z Piligrimem. Obydwa odbiorniki pracuj\u0105  bardzo podobnie. Na ucho nie s\u0142ycha\u0107 r\u00f3\u017cnicy. Znawcy m\u00f3wi\u0105 o wi\u0119kszej  dynamice Piligrima.&nbsp; Ja mam jednak wi\u0119kszy sentyment do tego trx-a.  Teraz do wykonania filtry pasmowe, dolnoprzepustowe i wzmacniacz  nadajnika.<\/p>\n\n\n\n<p>Po d\u0142ugiej prawie dwuletniej przerwie malutki krok do  przodu. Do sprawdzenia nadajnika wykorzysta\u0142em PA od trx-a Omega.  Wcze\u015bniej to samo PA s\u0142u\u017cy\u0142o do test\u00f3w transceivera ADTRX-1. Test wypad\u0142  bardzo pomy\u015blnie. Korespondenci oceniali bardzo dobrze jako\u015b\u0107 sygna\u0142u.  Zamiast syntezy u\u017cy\u0142em NWT-500 w trybie VFO z za\u0142\u0105czon\u0105 opcj\u0105 mno\u017cenia  x4. Pomi\u0119dzy trx-em i wej\u015bciem PA by\u0142 prosty filtr pasmowy a na wyj\u015bciu  standardowo LPF. \u0141\u0105czno\u015bci prowadzi\u0142em w pa\u015bmie 80 i 40 metr\u00f3w. Sygna\u0142 z  trx-a poprawnie sterowa\u0142 ko\u0144c\u00f3wk\u0119 mocy. Jako mikrofon pracowa\u0142a 120  omowa wk\u0142adka dynamiczna oraz mikrofon pojemno\u015bciowy.&nbsp;&nbsp; Z tego drugiego  sygna\u0142 by\u0142 o wiele mocniejszy i&nbsp; przesterowany.&nbsp; To zestawinie nale\u017cy  jeszcze dopracowa\u0107.<br> Uzyska\u0142em 15 do 20W mocy wyj\u015bciowej, kt\u00f3ra wystarczy\u0142a do nawi\u0105zania wielu sympatycznych \u0142\u0105czno\u015bci.<br> Tak wygl\u0105da\u0142 zestaw w trakcie \u0142\u0105czno\u015bci.<\/p>\n\n\n\n<figure class=\"wp-block-image size-large\"><img loading=\"lazy\" decoding=\"async\" width=\"800\" height=\"659\" src=\"http:\/\/sq7hjb.pl\/wp-content\/uploads\/2020\/03\/us5msq-12.jpg\" alt=\"\" class=\"wp-image-219\" srcset=\"http:\/\/sq7hjb.pl\/wp-content\/uploads\/2020\/03\/us5msq-12.jpg 800w, http:\/\/sq7hjb.pl\/wp-content\/uploads\/2020\/03\/us5msq-12-300x247.jpg 300w, http:\/\/sq7hjb.pl\/wp-content\/uploads\/2020\/03\/us5msq-12-768x633.jpg 768w\" sizes=\"auto, (max-width: 800px) 100vw, 800px\" \/><\/figure>\n\n\n\n<p style=\"color:#00a364\" class=\"has-text-color\">A to moi korespondenci:<br>\nSP1UJI<br>\nSP2SNF<br>\nSQ3F, SP3JHU<br>\nSP5IGW<br>\nSP6WZC<br>\nSP7FP, SP7EBM, SP7ROQ<br>\nSP8RHL<br>\nSP9FKP, SQ9OJT, SP9WFH, SQ9LBI, SP9TTN<\/p>\n\n\n\n<p><\/p>\n\n\n\n<p style=\"color:#00a364\" class=\"has-text-color\"><br> YP10NATO, DL\/G8OFQ<\/p>\n\n\n\n<p class=\"has-text-color has-primary-color\"><strong>Huta D\u0142utowska 2.09.2015<\/strong><\/p>\n\n\n\n<p>Min\u0119\u0142o troszk\u0119 czasu od wykonania pierwszej homodyny. Uda\u0142o si\u0119  nam\u00f3wi\u0107 kilku koleg\u00f3w w klubie SP7PB na wykonanie tego sympatycznego  trx-a.  Powsta\u0142a strona dedykowana do tego projektu.<br><strong><a href=\"http:\/\/trx.sp7pb.pl\/\" target=\"_blank\" rel=\"noreferrer noopener\" aria-label=\" (otwiera si\u0119 na nowej zak\u0142adce)\">Zapraszam do obejrzenia<\/a><\/strong><\/p>\n\n\n\n<p>Aby u\u0142atwi\u0107 to zadanie przygotowa\u0142em projekt i wys\u0142a\u0142em do  fabryki. Oce\u0144cie sami.<\/p>\n\n\n\n<figure class=\"wp-block-image size-large\"><img loading=\"lazy\" decoding=\"async\" width=\"1024\" height=\"826\" src=\"http:\/\/sq7hjb.pl\/wp-content\/uploads\/2020\/03\/DSC06686-1024x826-1.jpg\" alt=\"\" class=\"wp-image-224\" srcset=\"http:\/\/sq7hjb.pl\/wp-content\/uploads\/2020\/03\/DSC06686-1024x826-1.jpg 1024w, http:\/\/sq7hjb.pl\/wp-content\/uploads\/2020\/03\/DSC06686-1024x826-1-300x242.jpg 300w, http:\/\/sq7hjb.pl\/wp-content\/uploads\/2020\/03\/DSC06686-1024x826-1-768x620.jpg 768w\" sizes=\"auto, (max-width: 1024px) 100vw, 1024px\" \/><\/figure>\n\n\n\n<p>Kilka fotek z monta\u017cu.<\/p>\n\n\n\n<figure class=\"wp-block-image size-large\"><img loading=\"lazy\" decoding=\"async\" width=\"1024\" height=\"956\" src=\"http:\/\/sq7hjb.pl\/wp-content\/uploads\/2020\/03\/DSC06711.jpg\" alt=\"\" class=\"wp-image-229\" srcset=\"http:\/\/sq7hjb.pl\/wp-content\/uploads\/2020\/03\/DSC06711.jpg 1024w, http:\/\/sq7hjb.pl\/wp-content\/uploads\/2020\/03\/DSC06711-300x280.jpg 300w, http:\/\/sq7hjb.pl\/wp-content\/uploads\/2020\/03\/DSC06711-768x717.jpg 768w\" sizes=\"auto, (max-width: 1024px) 100vw, 1024px\" \/><\/figure>\n\n\n\n<figure class=\"wp-block-image size-large\"><img loading=\"lazy\" decoding=\"async\" width=\"1024\" height=\"654\" src=\"http:\/\/sq7hjb.pl\/wp-content\/uploads\/2020\/03\/SAM_2209.jpg\" alt=\"\" class=\"wp-image-228\" srcset=\"http:\/\/sq7hjb.pl\/wp-content\/uploads\/2020\/03\/SAM_2209.jpg 1024w, http:\/\/sq7hjb.pl\/wp-content\/uploads\/2020\/03\/SAM_2209-300x192.jpg 300w, http:\/\/sq7hjb.pl\/wp-content\/uploads\/2020\/03\/SAM_2209-768x491.jpg 768w\" sizes=\"auto, (max-width: 1024px) 100vw, 1024px\" \/><\/figure>\n\n\n\n<figure class=\"wp-block-image size-large\"><img loading=\"lazy\" decoding=\"async\" width=\"1024\" height=\"782\" src=\"http:\/\/sq7hjb.pl\/wp-content\/uploads\/2020\/03\/SAM_2228-1.jpg\" alt=\"\" class=\"wp-image-227\" srcset=\"http:\/\/sq7hjb.pl\/wp-content\/uploads\/2020\/03\/SAM_2228-1.jpg 1024w, http:\/\/sq7hjb.pl\/wp-content\/uploads\/2020\/03\/SAM_2228-1-300x229.jpg 300w, http:\/\/sq7hjb.pl\/wp-content\/uploads\/2020\/03\/SAM_2228-1-768x587.jpg 768w\" sizes=\"auto, (max-width: 1024px) 100vw, 1024px\" \/><\/figure>\n\n\n\n<p class=\"has-text-color has-primary-color\">aktualizacja 17.03.2020<\/p>\n","protected":false},"excerpt":{"rendered":"<p>Zainteresowa\u0142em si\u0119 tym trx-em czytaj\u0105c opinie na forum sp-hm, nast\u0119pnie artyku\u0142 w \u015awiat Radio spowodowa\u0142, \u017ce uleg\u0142em pokusie wykonania tej<\/p>\n","protected":false},"author":1,"featured_media":0,"parent":0,"menu_order":0,"comment_status":"closed","ping_status":"closed","template":"","meta":{"footnotes":""},"class_list":["post-102","page","type-page","status-publish","hentry","comments-off"],"_links":{"self":[{"href":"http:\/\/sq7hjb.pl\/index.php\/wp-json\/wp\/v2\/pages\/102","targetHints":{"allow":["GET"]}}],"collection":[{"href":"http:\/\/sq7hjb.pl\/index.php\/wp-json\/wp\/v2\/pages"}],"about":[{"href":"http:\/\/sq7hjb.pl\/index.php\/wp-json\/wp\/v2\/types\/page"}],"author":[{"embeddable":true,"href":"http:\/\/sq7hjb.pl\/index.php\/wp-json\/wp\/v2\/users\/1"}],"replies":[{"embeddable":true,"href":"http:\/\/sq7hjb.pl\/index.php\/wp-json\/wp\/v2\/comments?post=102"}],"version-history":[{"count":4,"href":"http:\/\/sq7hjb.pl\/index.php\/wp-json\/wp\/v2\/pages\/102\/revisions"}],"predecessor-version":[{"id":231,"href":"http:\/\/sq7hjb.pl\/index.php\/wp-json\/wp\/v2\/pages\/102\/revisions\/231"}],"wp:attachment":[{"href":"http:\/\/sq7hjb.pl\/index.php\/wp-json\/wp\/v2\/media?parent=102"}],"curies":[{"name":"wp","href":"https:\/\/api.w.org\/{rel}","templated":true}]}}